{"id":45547,"date":"2023-12-12T10:48:52","date_gmt":"2023-12-12T09:48:52","guid":{"rendered":"https:\/\/pet-shopping.de\/shop\/produkt\/trixie-decke-stars-150-x-100-cm\/"},"modified":"2023-12-12T10:48:55","modified_gmt":"2023-12-12T09:48:55","slug":"trixie-decke-stars-150-x-100-cm","status":"publish","type":"product","link":"https:\/\/all-pets.de\/shop\/produkt\/trixie-decke-stars-150-x-100-cm\/","title":{"rendered":"Trixie Decke Stars &#8211; 150 x 100 cm"},"content":{"rendered":"<ul>\n<li>Canvas-Optik\/Pl\u00fcsch (Polyester\/Baumwolle)<\/li>\n<li>sch\u00fctzt Polster vor Schmutz und Tierhaaren<\/li>\n<li>f\u00fcr Allergiker geeignet, Waschtemperatur von 60 \u00b0C t\u00f6tetHausstaubmilben und sorgt f\u00fcr eine bessere Entfernung von Hautschuppenund Pollen<\/li>\n<li>Gr\u00f6\u00dfe: ca. 150 x 100 cm<\/li>\n<li>Farbe: taupe\/wei\u00df<\/li>\n<\/ul>\n","protected":false},"excerpt":{"rendered":"<p>Canvas-Optik\/Pl\u00fcsch (Polyester\/Baumwolle) sch\u00fctzt Polster vor Schmutz und Tierhaaren f\u00fcr Allergiker geeignet, Waschtemperatur von 60 \u00b0C t\u00f6tetHausstaubmilben und sorgt f\u00fcr eine bessere Entfernung von Hautschuppenund Pollen Gr\u00f6\u00dfe: ca. 150 x 100 cm Farbe: taupe\/wei\u00df<\/p>\n","protected":false},"featured_media":20259,"comment_status":"closed","ping_status":"open","template":"","meta":[],"product_cat":[14034],"product_tag":[],"class_list":{"0":"post-45547","1":"product","2":"type-product","3":"status-publish","4":"has-post-thumbnail","6":"product_cat-liegedecken-betten-koerbe","8":"first","9":"instock","10":"taxable","11":"shipping-taxable","12":"purchasable","13":"product-type-simple"},"_links":{"self":[{"href":"https:\/\/all-pets.de\/shop\/wp-json\/wp\/v2\/product\/45547","targetHints":{"allow":["GET"]}}],"collection":[{"href":"https:\/\/all-pets.de\/shop\/wp-json\/wp\/v2\/product"}],"about":[{"href":"https:\/\/all-pets.de\/shop\/wp-json\/wp\/v2\/types\/product"}],"replies":[{"embeddable":true,"href":"https:\/\/all-pets.de\/shop\/wp-json\/wp\/v2\/comments?post=45547"}],"wp:featuredmedia":[{"embeddable":true,"href":"https:\/\/all-pets.de\/shop\/wp-json\/wp\/v2\/media\/20259"}],"wp:attachment":[{"href":"https:\/\/all-pets.de\/shop\/wp-json\/wp\/v2\/media?parent=45547"}],"wp:term":[{"taxonomy":"product_cat","embeddable":true,"href":"https:\/\/all-pets.de\/shop\/wp-json\/wp\/v2\/product_cat?post=45547"},{"taxonomy":"product_tag","embeddable":true,"href":"https:\/\/all-pets.de\/shop\/wp-json\/wp\/v2\/product_tag?post=45547"}],"curies":[{"name":"wp","href":"https:\/\/api.w.org\/{rel}","templated":true}]}}