{"id":45548,"date":"2023-12-12T10:48:52","date_gmt":"2023-12-12T09:48:52","guid":{"rendered":"https:\/\/pet-shopping.de\/shop\/produkt\/trixie-dreigeteiltes-insektenhotel-30-x-30-x-14-cm\/"},"modified":"2023-12-12T10:48:55","modified_gmt":"2023-12-12T09:48:55","slug":"trixie-dreigeteiltes-insektenhotel-30-x-30-x-14-cm","status":"publish","type":"product","link":"https:\/\/all-pets.de\/shop\/produkt\/trixie-dreigeteiltes-insektenhotel-30-x-30-x-14-cm\/","title":{"rendered":"Trixie dreigeteiltes Insektenhotel &#8211; 30 \u00d7 30 \u00d7 14 cm"},"content":{"rendered":"<ul>\n<li>Nist- und \u00dcberwinterungshilfe f\u00fcr N\u00fctzlinge<\/li>\n<li>Kiefernholz, unbehandelt\/Metall, verzinkt<\/li>\n<li>Ma\u00dfe: ca. 30 \u00d7 30 \u00d7 14 cm<\/li>\n<\/ul>\n","protected":false},"excerpt":{"rendered":"<p>Nist- und \u00dcberwinterungshilfe f\u00fcr N\u00fctzlinge Kiefernholz, unbehandelt\/Metall, verzinkt Ma\u00dfe: ca. 30 \u00d7 30 \u00d7 14 cm<\/p>\n","protected":false},"featured_media":35998,"comment_status":"closed","ping_status":"open","template":"","meta":[],"product_cat":[14036],"product_tag":[],"class_list":{"0":"post-45548","1":"product","2":"type-product","3":"status-publish","4":"has-post-thumbnail","6":"product_cat-insektenhotels","8":"first","9":"instock","10":"taxable","11":"shipping-taxable","12":"purchasable","13":"product-type-simple"},"_links":{"self":[{"href":"https:\/\/all-pets.de\/shop\/wp-json\/wp\/v2\/product\/45548","targetHints":{"allow":["GET"]}}],"collection":[{"href":"https:\/\/all-pets.de\/shop\/wp-json\/wp\/v2\/product"}],"about":[{"href":"https:\/\/all-pets.de\/shop\/wp-json\/wp\/v2\/types\/product"}],"replies":[{"embeddable":true,"href":"https:\/\/all-pets.de\/shop\/wp-json\/wp\/v2\/comments?post=45548"}],"wp:featuredmedia":[{"embeddable":true,"href":"https:\/\/all-pets.de\/shop\/wp-json\/wp\/v2\/media\/35998"}],"wp:attachment":[{"href":"https:\/\/all-pets.de\/shop\/wp-json\/wp\/v2\/media?parent=45548"}],"wp:term":[{"taxonomy":"product_cat","embeddable":true,"href":"https:\/\/all-pets.de\/shop\/wp-json\/wp\/v2\/product_cat?post=45548"},{"taxonomy":"product_tag","embeddable":true,"href":"https:\/\/all-pets.de\/shop\/wp-json\/wp\/v2\/product_tag?post=45548"}],"curies":[{"name":"wp","href":"https:\/\/api.w.org\/{rel}","templated":true}]}}