{"id":45557,"date":"2023-12-12T10:48:56","date_gmt":"2023-12-12T09:48:56","guid":{"rendered":"https:\/\/pet-shopping.de\/shop\/produkt\/trixie-biker-set-gr-s-m\/"},"modified":"2023-12-12T10:48:57","modified_gmt":"2023-12-12T09:48:57","slug":"trixie-biker-set-gr-s-m","status":"publish","type":"product","link":"https:\/\/all-pets.de\/shop\/produkt\/trixie-biker-set-gr-s-m\/","title":{"rendered":"Trixie Biker-Set, Gr. S-M"},"content":{"rendered":"<ul>\n<li>Gr\u00f6\u00dfe S-M f\u00fcr kleine und mittelgro\u00dfe Hunde<\/li>\n<li>f\u00fcr ein sicheres F\u00fchren des Hundes am Fahrrad<\/li>\n<li>stabil und belastbar<\/li>\n<li>Ziehen des Hundes wird durch Feder gemildert<\/li>\n<li>Sicherheitsanwendung mit Klettverschluss: Kurzf\u00fchrer l\u00f6st sich bei ruckartigem Ziehen<\/li>\n<li>Abstandhalter mit reflektierendem Streifen<\/li>\n<li>bestehend aus Abstandhalter mit Befestigung f\u00fcr Sattelstange, Kurzf\u00fchrer und Spiralfeder<\/li>\n<\/ul>\n","protected":false},"excerpt":{"rendered":"<p>Gr\u00f6\u00dfe S-M f\u00fcr kleine und mittelgro\u00dfe Hunde f\u00fcr ein sicheres F\u00fchren des Hundes am Fahrrad stabil und belastbar Ziehen des Hundes wird durch Feder gemildert Sicherheitsanwendung mit Klettverschluss: Kurzf\u00fchrer l\u00f6st sich bei ruckartigem Ziehen Abstandhalter mit reflektierendem Streifen bestehend aus Abstandhalter mit Befestigung f\u00fcr Sattelstange, Kurzf\u00fchrer und Spiralfeder<\/p>\n","protected":false},"featured_media":25588,"comment_status":"closed","ping_status":"open","template":"","meta":[],"product_cat":[13843],"product_tag":[],"class_list":{"0":"post-45557","1":"product","2":"type-product","3":"status-publish","4":"has-post-thumbnail","6":"product_cat-rad-und-joggingzubehoer","8":"first","9":"instock","10":"taxable","11":"shipping-taxable","12":"purchasable","13":"product-type-simple"},"_links":{"self":[{"href":"https:\/\/all-pets.de\/shop\/wp-json\/wp\/v2\/product\/45557","targetHints":{"allow":["GET"]}}],"collection":[{"href":"https:\/\/all-pets.de\/shop\/wp-json\/wp\/v2\/product"}],"about":[{"href":"https:\/\/all-pets.de\/shop\/wp-json\/wp\/v2\/types\/product"}],"replies":[{"embeddable":true,"href":"https:\/\/all-pets.de\/shop\/wp-json\/wp\/v2\/comments?post=45557"}],"wp:featuredmedia":[{"embeddable":true,"href":"https:\/\/all-pets.de\/shop\/wp-json\/wp\/v2\/media\/25588"}],"wp:attachment":[{"href":"https:\/\/all-pets.de\/shop\/wp-json\/wp\/v2\/media?parent=45557"}],"wp:term":[{"taxonomy":"product_cat","embeddable":true,"href":"https:\/\/all-pets.de\/shop\/wp-json\/wp\/v2\/product_cat?post=45557"},{"taxonomy":"product_tag","embeddable":true,"href":"https:\/\/all-pets.de\/shop\/wp-json\/wp\/v2\/product_tag?post=45557"}],"curies":[{"name":"wp","href":"https:\/\/api.w.org\/{rel}","templated":true}]}}