{"id":45558,"date":"2023-12-12T10:48:56","date_gmt":"2023-12-12T09:48:56","guid":{"rendered":"https:\/\/pet-shopping.de\/shop\/produkt\/trixie-ersatz-kurzfuehrer-fuer-gurtschloss-45-70-cm-25-mm\/"},"modified":"2023-12-12T10:48:57","modified_gmt":"2023-12-12T09:48:57","slug":"trixie-ersatz-kurzfuehrer-fuer-gurtschloss-45-70-cm-25-mm","status":"publish","type":"product","link":"https:\/\/all-pets.de\/shop\/produkt\/trixie-ersatz-kurzfuehrer-fuer-gurtschloss-45-70-cm-25-mm\/","title":{"rendered":"Trixie Ersatz-Kurzf\u00fchrer f\u00fcr Gurtschloss &#8211; 45\u201370 cm\/25 mm"},"content":{"rendered":"<div class=\"mb-3 row\">\n<div class=\"col\">\n<ul>\n<li>\n<ul>\n<ul>\n<li>stufenlos verstellbar<\/li>\n<li>nicht f\u00fcr alle Fahrzeugtypen geeignet<\/li>\n<li>mit Metallschieber<\/li>\n<li>f\u00fcr Auto-Geschirre<\/li>\n<li>Farbe: schwarz<\/li>\n<\/ul>\n<li>Verhindert, dass sich das Tier im Fahrzeug frei bewegt.<\/li>\n<li>Gr\u00f6\u00dfe: S\u2013M<\/li>\n<li>Ma\u00dfe: ca. 45\u201370 cm\/25 mm<\/li>\n<\/ul>\n<\/li>\n<\/ul>\n<\/div>\n<\/div>\n","protected":false},"excerpt":{"rendered":"<p>stufenlos verstellbar nicht f\u00fcr alle Fahrzeugtypen geeignet mit Metallschieber f\u00fcr Auto-Geschirre Farbe: schwarz Verhindert, dass sich das Tier im Fahrzeug frei bewegt. Gr\u00f6\u00dfe: S\u2013M Ma\u00dfe: ca. 45\u201370 cm\/25 mm<\/p>\n","protected":false},"featured_media":45559,"comment_status":"closed","ping_status":"open","template":"","meta":[],"product_cat":[13691],"product_tag":[],"class_list":{"0":"post-45558","1":"product","2":"type-product","3":"status-publish","4":"has-post-thumbnail","6":"product_cat-autozubehoer","8":"first","9":"instock","10":"taxable","11":"shipping-taxable","12":"purchasable","13":"product-type-simple"},"_links":{"self":[{"href":"https:\/\/all-pets.de\/shop\/wp-json\/wp\/v2\/product\/45558","targetHints":{"allow":["GET"]}}],"collection":[{"href":"https:\/\/all-pets.de\/shop\/wp-json\/wp\/v2\/product"}],"about":[{"href":"https:\/\/all-pets.de\/shop\/wp-json\/wp\/v2\/types\/product"}],"replies":[{"embeddable":true,"href":"https:\/\/all-pets.de\/shop\/wp-json\/wp\/v2\/comments?post=45558"}],"wp:featuredmedia":[{"embeddable":true,"href":"https:\/\/all-pets.de\/shop\/wp-json\/wp\/v2\/media\/45559"}],"wp:attachment":[{"href":"https:\/\/all-pets.de\/shop\/wp-json\/wp\/v2\/media?parent=45558"}],"wp:term":[{"taxonomy":"product_cat","embeddable":true,"href":"https:\/\/all-pets.de\/shop\/wp-json\/wp\/v2\/product_cat?post=45558"},{"taxonomy":"product_tag","embeddable":true,"href":"https:\/\/all-pets.de\/shop\/wp-json\/wp\/v2\/product_tag?post=45558"}],"curies":[{"name":"wp","href":"https:\/\/api.w.org\/{rel}","templated":true}]}}