{"id":45576,"date":"2023-12-12T10:49:01","date_gmt":"2023-12-12T09:49:01","guid":{"rendered":"https:\/\/pet-shopping.de\/shop\/produkt\/karlie-fuehrleine-chic-schwarz-grau-200-cm-18-mm\/"},"modified":"2023-12-12T10:49:01","modified_gmt":"2023-12-12T09:49:01","slug":"karlie-fuehrleine-chic-schwarz-grau-200-cm-18-mm","status":"publish","type":"product","link":"https:\/\/all-pets.de\/shop\/produkt\/karlie-fuehrleine-chic-schwarz-grau-200-cm-18-mm\/","title":{"rendered":"Karlie F\u00fchrleine Chic &#8211; Schwarz\/Grau, 200 cm \/ 18 mm"},"content":{"rendered":"<ul>\n<li>Vollleder<\/li>\n<li>unterlegt mit Veloursleder<\/li>\n<li>genietet<\/li>\n<li>abgen\u00e4ht<\/li>\n<li>verchromte Beschl\u00e4ge<\/li>\n<li>L\u00e4nge: ca. 200 cm<\/li>\n<li>Breite: ca. 18 mm<\/li>\n<li>Farbe: Schwarz\/Grau<\/li>\n<\/ul>\n","protected":false},"excerpt":{"rendered":"<p>Vollleder unterlegt mit Veloursleder genietet abgen\u00e4ht verchromte Beschl\u00e4ge L\u00e4nge: ca. 200 cm Breite: ca. 18 mm Farbe: Schwarz\/Grau<\/p>\n","protected":false},"featured_media":45577,"comment_status":"closed","ping_status":"open","template":"","meta":[],"product_cat":[13749],"product_tag":[],"class_list":{"0":"post-45576","1":"product","2":"type-product","3":"status-publish","4":"has-post-thumbnail","6":"product_cat-lederleinen","8":"first","9":"instock","10":"taxable","11":"shipping-taxable","12":"purchasable","13":"product-type-simple"},"_links":{"self":[{"href":"https:\/\/all-pets.de\/shop\/wp-json\/wp\/v2\/product\/45576","targetHints":{"allow":["GET"]}}],"collection":[{"href":"https:\/\/all-pets.de\/shop\/wp-json\/wp\/v2\/product"}],"about":[{"href":"https:\/\/all-pets.de\/shop\/wp-json\/wp\/v2\/types\/product"}],"replies":[{"embeddable":true,"href":"https:\/\/all-pets.de\/shop\/wp-json\/wp\/v2\/comments?post=45576"}],"wp:featuredmedia":[{"embeddable":true,"href":"https:\/\/all-pets.de\/shop\/wp-json\/wp\/v2\/media\/45577"}],"wp:attachment":[{"href":"https:\/\/all-pets.de\/shop\/wp-json\/wp\/v2\/media?parent=45576"}],"wp:term":[{"taxonomy":"product_cat","embeddable":true,"href":"https:\/\/all-pets.de\/shop\/wp-json\/wp\/v2\/product_cat?post=45576"},{"taxonomy":"product_tag","embeddable":true,"href":"https:\/\/all-pets.de\/shop\/wp-json\/wp\/v2\/product_tag?post=45576"}],"curies":[{"name":"wp","href":"https:\/\/api.w.org\/{rel}","templated":true}]}}