{"id":45587,"date":"2023-12-12T10:49:01","date_gmt":"2023-12-12T09:49:01","guid":{"rendered":"https:\/\/pet-shopping.de\/shop\/produkt\/trixie-traenkenhalter\/"},"modified":"2023-12-12T10:49:02","modified_gmt":"2023-12-12T09:49:02","slug":"trixie-traenkenhalter","status":"publish","type":"product","link":"https:\/\/all-pets.de\/shop\/produkt\/trixie-traenkenhalter\/","title":{"rendered":"Trixie Tr\u00e4nkenhalter"},"content":{"rendered":"<ul>\n<li>zur freistehenden Platzierung von Tr\u00e4nken<\/li>\n<li>besonders empfehlenswert f\u00fcr Nagarien<\/li>\n<li>Rindenholz<\/li>\n<li>f\u00fcr Trixie Artikelnummern 6040\/6050\/6052-6054\/6059\/6060\/6065<\/li>\n<li>Ma\u00dfe: ca. \u00f8 18 \u00d7 30 cm<\/li>\n<li>f\u00fcr z. B.: Meerschweinchen, Kaninchen<\/li>\n<\/ul>\n<div class=\"infotextWrap\">\n<p class=\"fliestextblocksatz\">Wirlegen viel Wert auf die Gesundheit Ihres Tieres. Aus diesem Grundbestehen unsere Artikel aus Nadelh\u00f6lzern ohne Harzkan\u00e4le, da Harz f\u00fcreinige Tiere giftig sein kann. Die von uns genutzten H\u00f6lzer harzen nicht und werden zudem vor der Verarbeitung ausgibig getrocknet. Derr von uns verwendete Leim ist ebenfalls ungiftig f\u00fcr Tiere und besteht aus einemKautschuk- bzw. Zellulose-Gemisch.<\/p>\n<\/div>\n","protected":false},"excerpt":{"rendered":"<p>zur freistehenden Platzierung von Tr\u00e4nken besonders empfehlenswert f\u00fcr Nagarien Rindenholz f\u00fcr Trixie Artikelnummern 6040\/6050\/6052-6054\/6059\/6060\/6065 Ma\u00dfe: ca. \u00f8 18 \u00d7 30 cm f\u00fcr z. B.: Meerschweinchen, Kaninchen Wirlegen viel Wert auf die Gesundheit Ihres Tieres. Aus diesem Grundbestehen unsere Artikel aus Nadelh\u00f6lzern ohne Harzkan\u00e4le, da Harz f\u00fcreinige Tiere giftig sein kann. Die von uns genutzten H\u00f6lzer [&hellip;]<\/p>\n","protected":false},"featured_media":45588,"comment_status":"closed","ping_status":"open","template":"","meta":[],"product_cat":[14055],"product_tag":[],"class_list":{"0":"post-45587","1":"product","2":"type-product","3":"status-publish","4":"has-post-thumbnail","6":"product_cat-kleintiertraenken","8":"first","9":"instock","10":"taxable","11":"shipping-taxable","12":"purchasable","13":"product-type-simple"},"_links":{"self":[{"href":"https:\/\/all-pets.de\/shop\/wp-json\/wp\/v2\/product\/45587","targetHints":{"allow":["GET"]}}],"collection":[{"href":"https:\/\/all-pets.de\/shop\/wp-json\/wp\/v2\/product"}],"about":[{"href":"https:\/\/all-pets.de\/shop\/wp-json\/wp\/v2\/types\/product"}],"replies":[{"embeddable":true,"href":"https:\/\/all-pets.de\/shop\/wp-json\/wp\/v2\/comments?post=45587"}],"wp:featuredmedia":[{"embeddable":true,"href":"https:\/\/all-pets.de\/shop\/wp-json\/wp\/v2\/media\/45588"}],"wp:attachment":[{"href":"https:\/\/all-pets.de\/shop\/wp-json\/wp\/v2\/media?parent=45587"}],"wp:term":[{"taxonomy":"product_cat","embeddable":true,"href":"https:\/\/all-pets.de\/shop\/wp-json\/wp\/v2\/product_cat?post=45587"},{"taxonomy":"product_tag","embeddable":true,"href":"https:\/\/all-pets.de\/shop\/wp-json\/wp\/v2\/product_tag?post=45587"}],"curies":[{"name":"wp","href":"https:\/\/api.w.org\/{rel}","templated":true}]}}