{"id":45598,"date":"2023-12-12T10:49:01","date_gmt":"2023-12-12T09:49:01","guid":{"rendered":"https:\/\/pet-shopping.de\/shop\/produkt\/all-for-paws-pups-bended\/"},"modified":"2023-12-12T10:49:03","modified_gmt":"2023-12-12T09:49:03","slug":"all-for-paws-pups-bended","status":"publish","type":"product","link":"https:\/\/all-pets.de\/shop\/produkt\/all-for-paws-pups-bended\/","title":{"rendered":"All for Paws Pups Bended"},"content":{"rendered":"<p>Spielzeug speziell f\u00fcr Welpen. Wegen des weichen Jersey Materials sch\u00f6n zum Kuscheln.\u00a0 <\/p>\n<p>Mit einem Quietscher f\u00fcr noch mehr Spielspa\u00df.<\/p>\n<p>Gr\u00f6\u00dfe: ca. 16,5 x 14 x 5 cm<\/p>\n","protected":false},"excerpt":{"rendered":"<p>Spielzeug speziell f\u00fcr Welpen. Wegen des weichen Jersey Materials sch\u00f6n zum Kuscheln.\u00a0 Mit einem Quietscher f\u00fcr noch mehr Spielspa\u00df. Gr\u00f6\u00dfe: ca. 16,5 x 14 x 5 cm<\/p>\n","protected":false},"featured_media":186,"comment_status":"closed","ping_status":"open","template":"","meta":[],"product_cat":[13885],"product_tag":[],"class_list":{"0":"post-45598","1":"product","2":"type-product","3":"status-publish","4":"has-post-thumbnail","6":"product_cat-puppy-spielzeug-hundespielzeug-sport","8":"first","9":"instock","10":"taxable","11":"shipping-taxable","12":"purchasable","13":"product-type-simple"},"_links":{"self":[{"href":"https:\/\/all-pets.de\/shop\/wp-json\/wp\/v2\/product\/45598","targetHints":{"allow":["GET"]}}],"collection":[{"href":"https:\/\/all-pets.de\/shop\/wp-json\/wp\/v2\/product"}],"about":[{"href":"https:\/\/all-pets.de\/shop\/wp-json\/wp\/v2\/types\/product"}],"replies":[{"embeddable":true,"href":"https:\/\/all-pets.de\/shop\/wp-json\/wp\/v2\/comments?post=45598"}],"wp:featuredmedia":[{"embeddable":true,"href":"https:\/\/all-pets.de\/shop\/wp-json\/wp\/v2\/media\/186"}],"wp:attachment":[{"href":"https:\/\/all-pets.de\/shop\/wp-json\/wp\/v2\/media?parent=45598"}],"wp:term":[{"taxonomy":"product_cat","embeddable":true,"href":"https:\/\/all-pets.de\/shop\/wp-json\/wp\/v2\/product_cat?post=45598"},{"taxonomy":"product_tag","embeddable":true,"href":"https:\/\/all-pets.de\/shop\/wp-json\/wp\/v2\/product_tag?post=45598"}],"curies":[{"name":"wp","href":"https:\/\/api.w.org\/{rel}","templated":true}]}}