{"id":45605,"date":"2023-12-12T10:49:05","date_gmt":"2023-12-12T09:49:05","guid":{"rendered":"https:\/\/pet-shopping.de\/shop\/produkt\/granatapet-feinisnack-huhn-milch-50g\/"},"modified":"2023-12-12T10:49:06","modified_gmt":"2023-12-12T09:49:06","slug":"granatapet-feinisnack-huhn-milch-50g","status":"publish","type":"product","link":"https:\/\/all-pets.de\/shop\/produkt\/granatapet-feinisnack-huhn-milch-50g\/","title":{"rendered":"GranataPet FeiniSnack Huhn &#038; Milch &#8211; 50g"},"content":{"rendered":"<p><strong>Erg\u00e4nzungsfuttermittel f\u00fcr Katzen<\/strong><\/p>\n<\/p>\n<p>Zusammensetzung:<br \/>H\u00fchnerfleisch 35 % (getrocknet und fein vermahlen), Kartoffelflocken (aufgeschlossen), Erbsen, Gefl\u00fcgelfett, Milchpulver 4 %, <a class=\"dgLexiconLink\" href=\"https:\/\/www.granatapet.de\/lexikon\/granatapfelkerne\/\" title=\"Die Fruechte des Granatapfelbaumes zeichnen sich durch einen hohen Gehalt bioaktiver Inhaltsstoffe aus...\">Granatapfelkerne<\/a> 2 %, Bierhefe, <a class=\"dgLexiconLink\" href=\"https:\/\/www.granatapet.de\/lexikon\/lachoel\/\" title=\"Lachsoel ist ein Oel, das aus Lachs gewonnen wird. \">Lachs\u00f6l<\/a> 1 %<\/p>\n<p>Analyse:<br \/>Protein 31 %, Fettgehalt 20 %, Rohfaser 1,5 %, Rohasche 6,5 %<\/p>\n<p>Zusatzstoffe:<\/p>\n<p>Vitamin D3 630 IE, <a class=\"dgLexiconLink\" href=\"https:\/\/www.granatapet.de\/lexikon\/taurin\/\" title=\"Taurin ist eine Aminosulfonsaeure, die vom Koerper fuer den Stoffwechsel...\">Taurin<\/a> 1000 mg<\/p>\n<p>F\u00fctterungsempfehlung:<\/p>\n<p>Als Snack f\u00fcr zwischendurch<\/p>\n<div class=\"tab-pane fade active show\" id=\"feeding\" role=\"tabpanel\" aria-labelledby=\"feeding-tab\">\n<div class=\"row\">\n<div class=\"col-12 col-lg-4 mt-lg-3\">Als Snack f\u00fcr zwischendurch<\/div>\n<\/div>\n<\/div>\n<div class=\"tab-pane fade active show\" id=\"feeding\" role=\"tabpanel\" aria-labelledby=\"feeding-tab\">\n<div class=\"row\">\n<div class=\"col-12 col-lg-4 mt-lg-3\">Als Snack f\u00fcr zwischendurch<\/div>\n<\/div>\n<\/div>\n","protected":false},"excerpt":{"rendered":"<p>Erg\u00e4nzungsfuttermittel f\u00fcr Katzen Zusammensetzung:H\u00fchnerfleisch 35 % (getrocknet und fein vermahlen), Kartoffelflocken (aufgeschlossen), Erbsen, Gefl\u00fcgelfett, Milchpulver 4 %, Granatapfelkerne 2 %, Bierhefe, Lachs\u00f6l 1 % Analyse:Protein 31 %, Fettgehalt 20 %, Rohfaser 1,5 %, Rohasche 6,5 % Zusatzstoffe: Vitamin D3 630 IE, Taurin 1000 mg F\u00fctterungsempfehlung: Als Snack f\u00fcr zwischendurch Als Snack f\u00fcr zwischendurch Als Snack [&hellip;]<\/p>\n","protected":false},"featured_media":45606,"comment_status":"closed","ping_status":"open","template":"","meta":[],"product_cat":[14061],"product_tag":[],"class_list":{"0":"post-45605","1":"product","2":"type-product","3":"status-publish","4":"has-post-thumbnail","6":"product_cat-granatapet-katzensnacks","8":"first","9":"instock","10":"taxable","11":"shipping-taxable","12":"purchasable","13":"product-type-simple"},"_links":{"self":[{"href":"https:\/\/all-pets.de\/shop\/wp-json\/wp\/v2\/product\/45605","targetHints":{"allow":["GET"]}}],"collection":[{"href":"https:\/\/all-pets.de\/shop\/wp-json\/wp\/v2\/product"}],"about":[{"href":"https:\/\/all-pets.de\/shop\/wp-json\/wp\/v2\/types\/product"}],"replies":[{"embeddable":true,"href":"https:\/\/all-pets.de\/shop\/wp-json\/wp\/v2\/comments?post=45605"}],"wp:featuredmedia":[{"embeddable":true,"href":"https:\/\/all-pets.de\/shop\/wp-json\/wp\/v2\/media\/45606"}],"wp:attachment":[{"href":"https:\/\/all-pets.de\/shop\/wp-json\/wp\/v2\/media?parent=45605"}],"wp:term":[{"taxonomy":"product_cat","embeddable":true,"href":"https:\/\/all-pets.de\/shop\/wp-json\/wp\/v2\/product_cat?post=45605"},{"taxonomy":"product_tag","embeddable":true,"href":"https:\/\/all-pets.de\/shop\/wp-json\/wp\/v2\/product_tag?post=45605"}],"curies":[{"name":"wp","href":"https:\/\/api.w.org\/{rel}","templated":true}]}}