{"id":45607,"date":"2023-12-12T10:49:05","date_gmt":"2023-12-12T09:49:05","guid":{"rendered":"https:\/\/pet-shopping.de\/shop\/produkt\/karlie-rondo-halsband-square-braun-62-cm\/"},"modified":"2023-12-12T10:49:07","modified_gmt":"2023-12-12T09:49:07","slug":"karlie-rondo-halsband-square-braun-62-cm","status":"publish","type":"product","link":"https:\/\/all-pets.de\/shop\/produkt\/karlie-rondo-halsband-square-braun-62-cm\/","title":{"rendered":"Karlie Rondo Halsband Square &#8211; braun, 62 cm"},"content":{"rendered":"<div>Die Halsb\u00e4nder, Leinen und Geschirre der RONDO-Produktreihe von Karlie bestehen aus echtem Leder und stammen aus deutscher Herstellung. Genau das macht die RONDO-Artikel besonders strapazierf\u00e4hig und langlebig. \u00a0<\/div>\n<div>\u00a0<\/div>\n<p>Dieses Lederhalsband mit quadratischen Ziernieten ist genietet und mit einem Zierreifel versehen. Die Beschl\u00e4ge sind selbstverst\u00e4ndlich verchromt.<\/p>\n<\/p>\n<p>Farbe: braun<\/p>\n<p>Gesamtl\u00e4nge\/Breite: ca. 62 cm \/ 25 mm<\/p>\n","protected":false},"excerpt":{"rendered":"<p>Die Halsb\u00e4nder, Leinen und Geschirre der RONDO-Produktreihe von Karlie bestehen aus echtem Leder und stammen aus deutscher Herstellung. Genau das macht die RONDO-Artikel besonders strapazierf\u00e4hig und langlebig. \u00a0 \u00a0 Dieses Lederhalsband mit quadratischen Ziernieten ist genietet und mit einem Zierreifel versehen. Die Beschl\u00e4ge sind selbstverst\u00e4ndlich verchromt. Farbe: braun Gesamtl\u00e4nge\/Breite: ca. 62 cm \/ 25 mm<\/p>\n","protected":false},"featured_media":45608,"comment_status":"closed","ping_status":"open","template":"","meta":[],"product_cat":[13790],"product_tag":[],"class_list":{"0":"post-45607","1":"product","2":"type-product","3":"status-publish","4":"has-post-thumbnail","6":"product_cat-lederhalsbaender","8":"first","9":"instock","10":"taxable","11":"shipping-taxable","12":"purchasable","13":"product-type-simple"},"_links":{"self":[{"href":"https:\/\/all-pets.de\/shop\/wp-json\/wp\/v2\/product\/45607","targetHints":{"allow":["GET"]}}],"collection":[{"href":"https:\/\/all-pets.de\/shop\/wp-json\/wp\/v2\/product"}],"about":[{"href":"https:\/\/all-pets.de\/shop\/wp-json\/wp\/v2\/types\/product"}],"replies":[{"embeddable":true,"href":"https:\/\/all-pets.de\/shop\/wp-json\/wp\/v2\/comments?post=45607"}],"wp:featuredmedia":[{"embeddable":true,"href":"https:\/\/all-pets.de\/shop\/wp-json\/wp\/v2\/media\/45608"}],"wp:attachment":[{"href":"https:\/\/all-pets.de\/shop\/wp-json\/wp\/v2\/media?parent=45607"}],"wp:term":[{"taxonomy":"product_cat","embeddable":true,"href":"https:\/\/all-pets.de\/shop\/wp-json\/wp\/v2\/product_cat?post=45607"},{"taxonomy":"product_tag","embeddable":true,"href":"https:\/\/all-pets.de\/shop\/wp-json\/wp\/v2\/product_tag?post=45607"}],"curies":[{"name":"wp","href":"https:\/\/api.w.org\/{rel}","templated":true}]}}