{"id":45612,"date":"2023-12-12T10:49:05","date_gmt":"2023-12-12T09:49:05","guid":{"rendered":"https:\/\/pet-shopping.de\/shop\/produkt\/kerbl-kletterwand-montblanc-6-teilig\/"},"modified":"2023-12-12T10:49:07","modified_gmt":"2023-12-12T09:49:07","slug":"kerbl-kletterwand-montblanc-6-teilig","status":"publish","type":"product","link":"https:\/\/all-pets.de\/shop\/produkt\/kerbl-kletterwand-montblanc-6-teilig\/","title":{"rendered":"Kerbl Kletterwand Montblanc 6-teilig"},"content":{"rendered":"<div class=\"col-xl\">\n<div id=\"BodyContentPlaceHolder_BodyContentPlaceHolder_ctl00_ProductDescriptionCtrl\" class=\"item-desc has-mb\">\n<div class=\"smlMain\">\n<p class=\"smlP\">\u2022 zum Befestigen an der Wand<\/p>\n<p class=\"smlP\">\u2022 bestehend aus 6 Teilen<\/p>\n<p class=\"smlP\">\u2022 3 Trittbretter 29,5 x 22,5 cm<\/p>\n<p class=\"smlP\">\u2022 1 gepolstertes Liegebrett 40,5 x 31 cm<\/p>\n<p class=\"smlP\">\u2022 1 Rampe mit Sisalbezug 44 x 14 cm<\/p>\n<p class=\"smlP\">\u2022 1 H\u00f6hle 37 x 37 x 30 cm<\/p>\n<p class=\"smlP\">\u2022 belastbar bis 10 kg<\/p>\n<\/div>\n<div class=\"smlMain\">\n<p class=\"smlP\">Die mehrteiligen Kletterwand-Systeme bieten Ihren Katzen gen\u00fcgend Frei- und Spielraum auch in beengten R\u00e4umen oder Wohnungen.<\/p>\n<p class=\"smlP\">Vom 5-teiligen Einsteigerset bis hin zur kompletten Wandl\u00f6sung mit 9 Teilen wird man jedem Katzenwunsch gerecht und bietet den Vierbeinern ein Kletterparadies in den eigenen 4 W\u00e4nden. Alle Sets werden mit dem n\u00f6tigen Wandmontagematerial und einer Aufbauanleitung geliefert.<\/p>\n<\/div>\n<\/div>\n<\/div>\n","protected":false},"excerpt":{"rendered":"<p>\u2022 zum Befestigen an der Wand \u2022 bestehend aus 6 Teilen \u2022 3 Trittbretter 29,5 x 22,5 cm \u2022 1 gepolstertes Liegebrett 40,5 x 31 cm \u2022 1 Rampe mit Sisalbezug 44 x 14 cm \u2022 1 H\u00f6hle 37 x 37 x 30 cm \u2022 belastbar bis 10 kg Die mehrteiligen Kletterwand-Systeme bieten Ihren Katzen [&hellip;]<\/p>\n","protected":false},"featured_media":24180,"comment_status":"closed","ping_status":"open","template":"","meta":[],"product_cat":[14063],"product_tag":[],"class_list":{"0":"post-45612","1":"product","2":"type-product","3":"status-publish","4":"has-post-thumbnail","6":"product_cat-haeuser-hoehlen-katzenbetten-katzenkoerbe-betten-sofaskatzenwelt","8":"first","9":"instock","10":"taxable","11":"shipping-taxable","12":"purchasable","13":"product-type-simple"},"_links":{"self":[{"href":"https:\/\/all-pets.de\/shop\/wp-json\/wp\/v2\/product\/45612","targetHints":{"allow":["GET"]}}],"collection":[{"href":"https:\/\/all-pets.de\/shop\/wp-json\/wp\/v2\/product"}],"about":[{"href":"https:\/\/all-pets.de\/shop\/wp-json\/wp\/v2\/types\/product"}],"replies":[{"embeddable":true,"href":"https:\/\/all-pets.de\/shop\/wp-json\/wp\/v2\/comments?post=45612"}],"wp:featuredmedia":[{"embeddable":true,"href":"https:\/\/all-pets.de\/shop\/wp-json\/wp\/v2\/media\/24180"}],"wp:attachment":[{"href":"https:\/\/all-pets.de\/shop\/wp-json\/wp\/v2\/media?parent=45612"}],"wp:term":[{"taxonomy":"product_cat","embeddable":true,"href":"https:\/\/all-pets.de\/shop\/wp-json\/wp\/v2\/product_cat?post=45612"},{"taxonomy":"product_tag","embeddable":true,"href":"https:\/\/all-pets.de\/shop\/wp-json\/wp\/v2\/product_tag?post=45612"}],"curies":[{"name":"wp","href":"https:\/\/api.w.org\/{rel}","templated":true}]}}