{"id":45619,"date":"2023-12-12T10:49:05","date_gmt":"2023-12-12T09:49:05","guid":{"rendered":"https:\/\/pet-shopping.de\/shop\/produkt\/zeus-mojo-naturals-fuer-kleine-hunde-noodle-chubbie\/"},"modified":"2023-12-12T10:49:08","modified_gmt":"2023-12-12T09:49:08","slug":"zeus-mojo-naturals-fuer-kleine-hunde-noodle-chubbie","status":"publish","type":"product","link":"https:\/\/all-pets.de\/shop\/produkt\/zeus-mojo-naturals-fuer-kleine-hunde-noodle-chubbie\/","title":{"rendered":"Zeus Mojo Naturals f\u00fcr kleine Hunde Noodle Chubbie"},"content":{"rendered":"<p><span style=\"font-weight: bold  font-size: large\">Kleine Spielzeuge, riesen Spa\u00df<\/span><\/p>\n<p> Gro\u00dfe Dinge kommen in kleinen Paketen und die MOJO Spielzeugkollektion von Zeus bildet da keine Ausnahme. Die Spielzeuge wurden speziell f\u00fcr kleine Hunde und Welpen konzipiert. Sie haben die ideale Gr\u00f6\u00dfe und das ideale Gewicht, damit die kleinen Kerle damit spielen oder sie herumtragen k\u00f6nnen. Diese Spielzeuge eignen sich perfekt zum interaktiven Spiel oder einfach zum Kuscheln. Die MOJO Spielzeuge gibt es in einer Vielzahl von Materialien und leuchtenden oder neutralen Farbt\u00f6nen.<\/p>\n<p> Die MOJO Naturals Collection kombiniert Pl\u00fcsch mit Materialien wie Seilen, Tennisb\u00e4llen, Knistermaterialien oder Quietschern. Die einzelnen Spielzeuge bestehen aus verschiedenen Materialien f\u00fcr abwechslungsreiches Aussehen und Haptik, Seilbeinen und -armen zum Ziehen und Spielen und Tennisb\u00e4llen f\u00fcr die Interaktion. <\/p>\n<p>Gr\u00f6\u00dfe: ca. 15 cm<br \/> Eine Motivwahl ist leider nicht m\u00f6glich, da die Variante je nach Lagerbestand gew\u00e4hlt wird.<\/p>\n","protected":false},"excerpt":{"rendered":"<p>Kleine Spielzeuge, riesen Spa\u00df Gro\u00dfe Dinge kommen in kleinen Paketen und die MOJO Spielzeugkollektion von Zeus bildet da keine Ausnahme. Die Spielzeuge wurden speziell f\u00fcr kleine Hunde und Welpen konzipiert. Sie haben die ideale Gr\u00f6\u00dfe und das ideale Gewicht, damit die kleinen Kerle damit spielen oder sie herumtragen k\u00f6nnen. Diese Spielzeuge eignen sich perfekt zum [&hellip;]<\/p>\n","protected":false},"featured_media":22074,"comment_status":"closed","ping_status":"open","template":"","meta":[],"product_cat":[13828],"product_tag":[],"class_list":{"0":"post-45619","1":"product","2":"type-product","3":"status-publish","4":"has-post-thumbnail","6":"product_cat-plueschspielzeug-hundespielzeug-sport","8":"first","9":"instock","10":"taxable","11":"shipping-taxable","12":"purchasable","13":"product-type-simple"},"_links":{"self":[{"href":"https:\/\/all-pets.de\/shop\/wp-json\/wp\/v2\/product\/45619","targetHints":{"allow":["GET"]}}],"collection":[{"href":"https:\/\/all-pets.de\/shop\/wp-json\/wp\/v2\/product"}],"about":[{"href":"https:\/\/all-pets.de\/shop\/wp-json\/wp\/v2\/types\/product"}],"replies":[{"embeddable":true,"href":"https:\/\/all-pets.de\/shop\/wp-json\/wp\/v2\/comments?post=45619"}],"wp:featuredmedia":[{"embeddable":true,"href":"https:\/\/all-pets.de\/shop\/wp-json\/wp\/v2\/media\/22074"}],"wp:attachment":[{"href":"https:\/\/all-pets.de\/shop\/wp-json\/wp\/v2\/media?parent=45619"}],"wp:term":[{"taxonomy":"product_cat","embeddable":true,"href":"https:\/\/all-pets.de\/shop\/wp-json\/wp\/v2\/product_cat?post=45619"},{"taxonomy":"product_tag","embeddable":true,"href":"https:\/\/all-pets.de\/shop\/wp-json\/wp\/v2\/product_tag?post=45619"}],"curies":[{"name":"wp","href":"https:\/\/api.w.org\/{rel}","templated":true}]}}