{"id":45622,"date":"2023-12-12T10:49:05","date_gmt":"2023-12-12T09:49:05","guid":{"rendered":"https:\/\/pet-shopping.de\/shop\/produkt\/jr-farm-heu-wuerfel-klein-mit-mehlwuermern-125g\/"},"modified":"2023-12-12T10:49:08","modified_gmt":"2023-12-12T09:49:08","slug":"jr-farm-heu-wuerfel-klein-mit-mehlwuermern-125g","status":"publish","type":"product","link":"https:\/\/all-pets.de\/shop\/produkt\/jr-farm-heu-wuerfel-klein-mit-mehlwuermern-125g\/","title":{"rendered":"JR Farm Heu W\u00fcrfel klein mit Mehlw\u00fcrmern 125g"},"content":{"rendered":"<div class=\"product--detail-upper block-group\">\n<li class=\"base-info--entry entry-attribute\"> <span class=\"entry--content\">\n<p>Der nat\u00fcrliche Heu-W\u00fcrfel, gef\u00fcllt mit aromatischem Bergwiesenheu undknackigen Mehlw\u00fcrmern f\u00fcr das Plus an tierischem Protein. ZumWiederbef\u00fcllen geeignet und voll fressbar.<\/p>\n<p>Der nat\u00fcrlicheHeu-W\u00fcrfel bietet M\u00e4usen, Ratten und Hamster einen wertvollenFutterplatz. Die F\u00fcllung aus aromatischem Bergwiesenheu aus eigenemAnbau enth\u00e4lt einen hohen Rohfasergehalt und unterst\u00fctzt dadurch beimKnabbern den physiologischen Zahnabrieb der lebenslang wachsendenNagez\u00e4hne.<\/p>\n<p>Angereichert mit leckeren Mehlw\u00fcrmern werden granivoreHeimtiere zudem mit viel tierischem Protein versorgt. Durch dieVerarbeitung ausschlie\u00dflich nat\u00fcrlicher Rohstoffe darf der kompletteHeu-W\u00fcrfel komplett verzehrt werden. Bitte nur unter Aufsicht verwenden!<\/p>\n<p>Gr\u00f6\u00dfe: 12 x 12 x 12 cm.<\/p>\n<p><\/span><\/li>\n<li class=\"base-info--entry entry-attribute\">\n<p>Erg\u00e4nzungsfuttermittel f\u00fcr alle Nager und Zwergkaninchen<\/p>\n<div class=\"content--product-code\">\n<div class=\"detail--product-code\">\n<div class=\"content--title\"> Zusammensetzung <\/div>\n<p>Bergwiesenheu 61%, St\u00e4rke, Naturfaser, Mehlw\u00fcrmer 1%<\/p>\n<\/p><\/div>\n<\/p><\/div>\n<div class=\"content--product-code\">\n<div class=\"detail--product-code\">\n<div class=\"content--title\"> F\u00fctterungsempfehlung <\/div>\n<p>Bei Bedarf austauschen<\/p>\n<\/p><\/div>\n<\/p><\/div>\n<p><span class=\"entry--content\"><\/span><\/li>\n<li class=\"base-info--entry entry-attribute\"> <span class=\"entry--content\">\n<p>125 g<\/p>\n<p> <\/span> <\/li>\n<\/div>\n","protected":false},"excerpt":{"rendered":"<p>Der nat\u00fcrliche Heu-W\u00fcrfel, gef\u00fcllt mit aromatischem Bergwiesenheu undknackigen Mehlw\u00fcrmern f\u00fcr das Plus an tierischem Protein. ZumWiederbef\u00fcllen geeignet und voll fressbar. Der nat\u00fcrlicheHeu-W\u00fcrfel bietet M\u00e4usen, Ratten und Hamster einen wertvollenFutterplatz. Die F\u00fcllung aus aromatischem Bergwiesenheu aus eigenemAnbau enth\u00e4lt einen hohen Rohfasergehalt und unterst\u00fctzt dadurch beimKnabbern den physiologischen Zahnabrieb der lebenslang wachsendenNagez\u00e4hne. Angereichert mit leckeren Mehlw\u00fcrmern werden [&hellip;]<\/p>\n","protected":false},"featured_media":20275,"comment_status":"closed","ping_status":"open","template":"","meta":[],"product_cat":[14067],"product_tag":[],"class_list":{"0":"post-45622","1":"product","2":"type-product","3":"status-publish","4":"has-post-thumbnail","6":"product_cat-ratte-kleintierfutter-snacks-mauskleintierwelt-kleintierfutter-snacks-zwerg-hamsterkleintierwelt-kleintierfutter-snacks-jr-farmkleintierwelt","8":"first","9":"instock","10":"taxable","11":"shipping-taxable","12":"purchasable","13":"product-type-simple"},"_links":{"self":[{"href":"https:\/\/all-pets.de\/shop\/wp-json\/wp\/v2\/product\/45622","targetHints":{"allow":["GET"]}}],"collection":[{"href":"https:\/\/all-pets.de\/shop\/wp-json\/wp\/v2\/product"}],"about":[{"href":"https:\/\/all-pets.de\/shop\/wp-json\/wp\/v2\/types\/product"}],"replies":[{"embeddable":true,"href":"https:\/\/all-pets.de\/shop\/wp-json\/wp\/v2\/comments?post=45622"}],"wp:featuredmedia":[{"embeddable":true,"href":"https:\/\/all-pets.de\/shop\/wp-json\/wp\/v2\/media\/20275"}],"wp:attachment":[{"href":"https:\/\/all-pets.de\/shop\/wp-json\/wp\/v2\/media?parent=45622"}],"wp:term":[{"taxonomy":"product_cat","embeddable":true,"href":"https:\/\/all-pets.de\/shop\/wp-json\/wp\/v2\/product_cat?post=45622"},{"taxonomy":"product_tag","embeddable":true,"href":"https:\/\/all-pets.de\/shop\/wp-json\/wp\/v2\/product_tag?post=45622"}],"curies":[{"name":"wp","href":"https:\/\/api.w.org\/{rel}","templated":true}]}}