{"id":45623,"date":"2023-12-12T10:49:05","date_gmt":"2023-12-12T09:49:05","guid":{"rendered":"https:\/\/pet-shopping.de\/shop\/produkt\/trixie-tick-boy-vet-zeckenstift\/"},"modified":"2023-12-12T10:49:08","modified_gmt":"2023-12-12T09:49:08","slug":"trixie-tick-boy-vet-zeckenstift","status":"publish","type":"product","link":"https:\/\/all-pets.de\/shop\/produkt\/trixie-tick-boy-vet-zeckenstift\/","title":{"rendered":"Trixie Tick Boy VET Zeckenstift"},"content":{"rendered":"<ul>\n<li>auch f\u00fcr kleine Zecken geeignet<\/li>\n<li>mit Schieber zum Schutz der Spitze<\/li>\n<li>handliches Format und praktischer Clip<\/li>\n<li>Kunststoff<\/li>\n<li>Gr\u00f6\u00dfe: ca. 13 cm<\/li>\n<li>Diverse Farben. Eine Farbwahl ist leider nicht m\u00f6glich, da die Farbe je nach Lagerbestand gew\u00e4hlt wird.<\/li>\n<\/ul>\n","protected":false},"excerpt":{"rendered":"<p>auch f\u00fcr kleine Zecken geeignet mit Schieber zum Schutz der Spitze handliches Format und praktischer Clip Kunststoff Gr\u00f6\u00dfe: ca. 13 cm Diverse Farben. Eine Farbwahl ist leider nicht m\u00f6glich, da die Farbe je nach Lagerbestand gew\u00e4hlt wird.<\/p>\n","protected":false},"featured_media":20621,"comment_status":"closed","ping_status":"open","template":"","meta":[],"product_cat":[14068],"product_tag":[],"class_list":{"0":"post-45623","1":"product","2":"type-product","3":"status-publish","4":"has-post-thumbnail","6":"product_cat-ungeziefer-schutz-pflege-gesundheit-ungeziefer-schutzhundewelt-pflege-gesundheit-katzenwelt","8":"first","9":"instock","10":"taxable","11":"shipping-taxable","12":"purchasable","13":"product-type-simple"},"_links":{"self":[{"href":"https:\/\/all-pets.de\/shop\/wp-json\/wp\/v2\/product\/45623","targetHints":{"allow":["GET"]}}],"collection":[{"href":"https:\/\/all-pets.de\/shop\/wp-json\/wp\/v2\/product"}],"about":[{"href":"https:\/\/all-pets.de\/shop\/wp-json\/wp\/v2\/types\/product"}],"replies":[{"embeddable":true,"href":"https:\/\/all-pets.de\/shop\/wp-json\/wp\/v2\/comments?post=45623"}],"wp:featuredmedia":[{"embeddable":true,"href":"https:\/\/all-pets.de\/shop\/wp-json\/wp\/v2\/media\/20621"}],"wp:attachment":[{"href":"https:\/\/all-pets.de\/shop\/wp-json\/wp\/v2\/media?parent=45623"}],"wp:term":[{"taxonomy":"product_cat","embeddable":true,"href":"https:\/\/all-pets.de\/shop\/wp-json\/wp\/v2\/product_cat?post=45623"},{"taxonomy":"product_tag","embeddable":true,"href":"https:\/\/all-pets.de\/shop\/wp-json\/wp\/v2\/product_tag?post=45623"}],"curies":[{"name":"wp","href":"https:\/\/api.w.org\/{rel}","templated":true}]}}