{"id":45624,"date":"2023-12-12T10:49:10","date_gmt":"2023-12-12T09:49:10","guid":{"rendered":"https:\/\/pet-shopping.de\/shop\/produkt\/trixie-floh-und-zeckenschutz-spray-fuer-hunde-ab-8-wochen\/"},"modified":"2023-12-12T10:49:10","modified_gmt":"2023-12-12T09:49:10","slug":"trixie-floh-und-zeckenschutz-spray-fuer-hunde-ab-8-wochen","status":"publish","type":"product","link":"https:\/\/all-pets.de\/shop\/produkt\/trixie-floh-und-zeckenschutz-spray-fuer-hunde-ab-8-wochen\/","title":{"rendered":"Trixie Floh- und Zeckenschutz-Spray f\u00fcr Hunde ab 8 Wochen"},"content":{"rendered":"<ul>\n<li>f\u00fcr Hunde ab 8 Wochen<\/li>\n<li>Wirkstoffe: Geraniol, Lavendel, Icaridin<\/li>\n<li>wirkt repellierend gegen Fl\u00f6he, Zecken und Fliegen<\/li>\n<li>zur Anwendung direkt am Tier<\/li>\n<li>Inhalt: 250 ml<\/li>\n<\/ul>\n<div class=\"infotextWrap\">Bei diesem Artikel handelt es sichum ein in Deutschland, \u00d6sterreich und Frankreich registriertesBiozid-Produkt. Der Vertrieb in anderen L\u00e4ndern bedarf der vorherigenPr\u00fcfung durch den jeweiligen Importeur. Biozidprodukte vorsichtigverwenden. Vor Gebrauch stets Etikett und Produktinformationen lesen.<\/div>\n","protected":false},"excerpt":{"rendered":"<p>f\u00fcr Hunde ab 8 Wochen Wirkstoffe: Geraniol, Lavendel, Icaridin wirkt repellierend gegen Fl\u00f6he, Zecken und Fliegen zur Anwendung direkt am Tier Inhalt: 250 ml Bei diesem Artikel handelt es sichum ein in Deutschland, \u00d6sterreich und Frankreich registriertesBiozid-Produkt. Der Vertrieb in anderen L\u00e4ndern bedarf der vorherigenPr\u00fcfung durch den jeweiligen Importeur. Biozidprodukte vorsichtigverwenden. Vor Gebrauch stets Etikett [&hellip;]<\/p>\n","protected":false},"featured_media":25230,"comment_status":"closed","ping_status":"open","template":"","meta":[],"product_cat":[14069],"product_tag":[],"class_list":{"0":"post-45624","1":"product","2":"type-product","3":"status-publish","4":"has-post-thumbnail","6":"product_cat-ungeziefer-schutz-pflege-gesundheit-hundewelt","8":"first","9":"instock","10":"taxable","11":"shipping-taxable","12":"purchasable","13":"product-type-simple"},"_links":{"self":[{"href":"https:\/\/all-pets.de\/shop\/wp-json\/wp\/v2\/product\/45624","targetHints":{"allow":["GET"]}}],"collection":[{"href":"https:\/\/all-pets.de\/shop\/wp-json\/wp\/v2\/product"}],"about":[{"href":"https:\/\/all-pets.de\/shop\/wp-json\/wp\/v2\/types\/product"}],"replies":[{"embeddable":true,"href":"https:\/\/all-pets.de\/shop\/wp-json\/wp\/v2\/comments?post=45624"}],"wp:featuredmedia":[{"embeddable":true,"href":"https:\/\/all-pets.de\/shop\/wp-json\/wp\/v2\/media\/25230"}],"wp:attachment":[{"href":"https:\/\/all-pets.de\/shop\/wp-json\/wp\/v2\/media?parent=45624"}],"wp:term":[{"taxonomy":"product_cat","embeddable":true,"href":"https:\/\/all-pets.de\/shop\/wp-json\/wp\/v2\/product_cat?post=45624"},{"taxonomy":"product_tag","embeddable":true,"href":"https:\/\/all-pets.de\/shop\/wp-json\/wp\/v2\/product_tag?post=45624"}],"curies":[{"name":"wp","href":"https:\/\/api.w.org\/{rel}","templated":true}]}}