{"id":45628,"date":"2023-12-12T10:49:10","date_gmt":"2023-12-12T09:49:10","guid":{"rendered":"https:\/\/pet-shopping.de\/shop\/produkt\/classic-dog-snack-rinderluftroehren-stuecke-1kg\/"},"modified":"2023-12-12T10:49:11","modified_gmt":"2023-12-12T09:49:11","slug":"classic-dog-snack-rinderluftroehren-stuecke-1kg","status":"publish","type":"product","link":"https:\/\/all-pets.de\/shop\/produkt\/classic-dog-snack-rinderluftroehren-stuecke-1kg\/","title":{"rendered":"Classic Dog Snack Rinderluftr\u00f6hren &#8211; St\u00fccke 1kg"},"content":{"rendered":"<p>Rinderluftr\u00f6hren sind aufgrund des geringen Fettgehalts eine ideale kalorienarme Zwischenmahlzeit f\u00fcr jeden Hund.<\/p>\n<p>Die Rinderluftr\u00f6hren sind ein herzhafter und fettarmer Leckerbissen f\u00fcr alle Hunderassen.<br \/>Sie sind nahrhaft, leicht verdaulich und somit ein idealer Snack f\u00fcr zwischendurch.<br \/>Beim Zerkauen werden gleichzeitig die Z\u00e4hne von Bel\u00e4gen befreit, das Zahnfleisch massiert und die Kaumuskeln gekr\u00e4ftigt.<\/p>\n<p>Die Rinderluftr\u00f6hren werden in einem speziellen Verfahren schonend getrocknet.<br \/>Trockenfleisch bietet eine ideale Alternative zu frischen Fleischteilen vom Metzger.<br \/>Es ist ebenso nahrhaft aber l\u00e4nger haltbar und besitzt einen angenehmeren Geruch.<\/p>\n<p>Rinderluftr\u00f6hren sind 100% nat\u00fcrliches Fleisch ohne den Zusatz k\u00fcnstlicher Konservierungsstoffe.<\/p>\n<p>Bitte lagern Sie dieses Produkt immer k\u00fchl und trocken.<\/p>\n<p><strong>Inhaltsstoffe:<\/strong><\/p>\n<p>Protein: 67,86% Fett: 19,64% Feuchtigkeit: 07,23%<\/p>\n<p><strong>F\u00fctterungsempfehlung:<\/strong><\/p>\n<p>Als Belohnungssnack erg\u00e4nzend zur gewohnten Hauptnahrung. Bitte immer ausreichend Wasser zur Verf\u00fcgung stellen.<\/p>\n","protected":false},"excerpt":{"rendered":"<p>Rinderluftr\u00f6hren sind aufgrund des geringen Fettgehalts eine ideale kalorienarme Zwischenmahlzeit f\u00fcr jeden Hund. Die Rinderluftr\u00f6hren sind ein herzhafter und fettarmer Leckerbissen f\u00fcr alle Hunderassen.Sie sind nahrhaft, leicht verdaulich und somit ein idealer Snack f\u00fcr zwischendurch.Beim Zerkauen werden gleichzeitig die Z\u00e4hne von Bel\u00e4gen befreit, das Zahnfleisch massiert und die Kaumuskeln gekr\u00e4ftigt. Die Rinderluftr\u00f6hren werden in einem [&hellip;]<\/p>\n","protected":false},"featured_media":2468,"comment_status":"closed","ping_status":"open","template":"","meta":[],"product_cat":[13902],"product_tag":[],"class_list":{"0":"post-45628","1":"product","2":"type-product","3":"status-publish","4":"has-post-thumbnail","6":"product_cat-classic-trockenware","8":"first","9":"instock","10":"taxable","11":"shipping-taxable","12":"purchasable","13":"product-type-simple"},"_links":{"self":[{"href":"https:\/\/all-pets.de\/shop\/wp-json\/wp\/v2\/product\/45628","targetHints":{"allow":["GET"]}}],"collection":[{"href":"https:\/\/all-pets.de\/shop\/wp-json\/wp\/v2\/product"}],"about":[{"href":"https:\/\/all-pets.de\/shop\/wp-json\/wp\/v2\/types\/product"}],"replies":[{"embeddable":true,"href":"https:\/\/all-pets.de\/shop\/wp-json\/wp\/v2\/comments?post=45628"}],"wp:featuredmedia":[{"embeddable":true,"href":"https:\/\/all-pets.de\/shop\/wp-json\/wp\/v2\/media\/2468"}],"wp:attachment":[{"href":"https:\/\/all-pets.de\/shop\/wp-json\/wp\/v2\/media?parent=45628"}],"wp:term":[{"taxonomy":"product_cat","embeddable":true,"href":"https:\/\/all-pets.de\/shop\/wp-json\/wp\/v2\/product_cat?post=45628"},{"taxonomy":"product_tag","embeddable":true,"href":"https:\/\/all-pets.de\/shop\/wp-json\/wp\/v2\/product_tag?post=45628"}],"curies":[{"name":"wp","href":"https:\/\/api.w.org\/{rel}","templated":true}]}}