{"id":45638,"date":"2023-12-12T10:49:10","date_gmt":"2023-12-12T09:49:10","guid":{"rendered":"https:\/\/pet-shopping.de\/shop\/produkt\/trixie-care-shampoo-250-ml\/"},"modified":"2023-12-12T10:49:11","modified_gmt":"2023-12-12T09:49:11","slug":"trixie-care-shampoo-250-ml","status":"publish","type":"product","link":"https:\/\/all-pets.de\/shop\/produkt\/trixie-care-shampoo-250-ml\/","title":{"rendered":"Trixie Care-Shampoo &#8211; 250 ml"},"content":{"rendered":"<ul>\n<li>besonders f\u00fcr sensible Haut geeignet<\/li>\n<li>mit hochwertigen, nat\u00fcrlichen Wirkstoffen: Ringelblume, D-Panthenol und Hafermehl<\/li>\n<li>Inhalt: 250 ml<\/li>\n<\/ul>\n<div class=\"infotextWrap\">Inhaltsstoffe gem. Wasch- undReinigungsmittelgesetz: AQUA, SODIUM LAURETH SULFATE, COCAMIDOPROPYLHYDROXYSULTAINE, COCAMIDE MEA, SODIUM CHLORIDE, GLYCOL DISTEARATE,Parfum, PANTHENOL, TRISODIUM CITRATE DIHYDRATE, POLYQUATERNIUM-10,SODIUM HYDROXIDE, AVENA SATIVA KERNEL EXTRACT, CALENDULA OFFICINALISEXTRACT, Reaktionsmasse aus METHYLCHLOROISOTHIAZOLINONE undMETHYLISOTHIAZOLINONE\u00a0(3:1), CI 18820, CI 18050 (INCI-Bezeichnungen.Entsprechende Bezeichnungen gem\u00e4\u00df EU-Arzneibuch und CAS-Nummern findenSie in der Datenbank &#8222;CosIng&#8220; der Europ\u00e4ischen Kommission und einen Link dorthin unter &#8222;Mehr Informationen&#8220;)<\/div>\n","protected":false},"excerpt":{"rendered":"<p>besonders f\u00fcr sensible Haut geeignet mit hochwertigen, nat\u00fcrlichen Wirkstoffen: Ringelblume, D-Panthenol und Hafermehl Inhalt: 250 ml Inhaltsstoffe gem. Wasch- undReinigungsmittelgesetz: AQUA, SODIUM LAURETH SULFATE, COCAMIDOPROPYLHYDROXYSULTAINE, COCAMIDE MEA, SODIUM CHLORIDE, GLYCOL DISTEARATE,Parfum, PANTHENOL, TRISODIUM CITRATE DIHYDRATE, POLYQUATERNIUM-10,SODIUM HYDROXIDE, AVENA SATIVA KERNEL EXTRACT, CALENDULA OFFICINALISEXTRACT, Reaktionsmasse aus METHYLCHLOROISOTHIAZOLINONE undMETHYLISOTHIAZOLINONE\u00a0(3:1), CI 18820, CI 18050 (INCI-Bezeichnungen.Entsprechende Bezeichnungen gem\u00e4\u00df EU-Arzneibuch [&hellip;]<\/p>\n","protected":false},"featured_media":27539,"comment_status":"closed","ping_status":"open","template":"","meta":[],"product_cat":[14071],"product_tag":[],"class_list":{"0":"post-45638","1":"product","2":"type-product","3":"status-publish","4":"has-post-thumbnail","6":"product_cat-shampoos","8":"first","9":"instock","10":"taxable","11":"shipping-taxable","12":"purchasable","13":"product-type-simple"},"_links":{"self":[{"href":"https:\/\/all-pets.de\/shop\/wp-json\/wp\/v2\/product\/45638","targetHints":{"allow":["GET"]}}],"collection":[{"href":"https:\/\/all-pets.de\/shop\/wp-json\/wp\/v2\/product"}],"about":[{"href":"https:\/\/all-pets.de\/shop\/wp-json\/wp\/v2\/types\/product"}],"replies":[{"embeddable":true,"href":"https:\/\/all-pets.de\/shop\/wp-json\/wp\/v2\/comments?post=45638"}],"wp:featuredmedia":[{"embeddable":true,"href":"https:\/\/all-pets.de\/shop\/wp-json\/wp\/v2\/media\/27539"}],"wp:attachment":[{"href":"https:\/\/all-pets.de\/shop\/wp-json\/wp\/v2\/media?parent=45638"}],"wp:term":[{"taxonomy":"product_cat","embeddable":true,"href":"https:\/\/all-pets.de\/shop\/wp-json\/wp\/v2\/product_cat?post=45638"},{"taxonomy":"product_tag","embeddable":true,"href":"https:\/\/all-pets.de\/shop\/wp-json\/wp\/v2\/product_tag?post=45638"}],"curies":[{"name":"wp","href":"https:\/\/api.w.org\/{rel}","templated":true}]}}