{"id":45640,"date":"2023-12-12T10:49:10","date_gmt":"2023-12-12T09:49:10","guid":{"rendered":"https:\/\/pet-shopping.de\/shop\/produkt\/all-for-paws-pups-mini-stick\/"},"modified":"2023-12-12T10:49:12","modified_gmt":"2023-12-12T09:49:12","slug":"all-for-paws-pups-mini-stick","status":"publish","type":"product","link":"https:\/\/all-pets.de\/shop\/produkt\/all-for-paws-pups-mini-stick\/","title":{"rendered":"All for Paws Pups Mini Stick"},"content":{"rendered":"<p>Spielzeug speziell f\u00fcr Welpen.<span> Wegen des weichen Jersey Materials sch\u00f6n zum Kuscheln.\u00a0 <br \/> Mit einer Glocke f\u00fcr noch mehr Spielspa\u00df.<\/span><br \/> <strong><br \/> <\/strong>Gr\u00f6\u00dfe: ca. 14,5 x 12 x 5,5 cm <\/p>\n","protected":false},"excerpt":{"rendered":"<p>Spielzeug speziell f\u00fcr Welpen. Wegen des weichen Jersey Materials sch\u00f6n zum Kuscheln.\u00a0 Mit einer Glocke f\u00fcr noch mehr Spielspa\u00df. Gr\u00f6\u00dfe: ca. 14,5 x 12 x 5,5 cm<\/p>\n","protected":false},"featured_media":21724,"comment_status":"closed","ping_status":"open","template":"","meta":[],"product_cat":[13885],"product_tag":[],"class_list":{"0":"post-45640","1":"product","2":"type-product","3":"status-publish","4":"has-post-thumbnail","6":"product_cat-puppy-spielzeug-hundespielzeug-sport","8":"first","9":"instock","10":"taxable","11":"shipping-taxable","12":"purchasable","13":"product-type-simple"},"_links":{"self":[{"href":"https:\/\/all-pets.de\/shop\/wp-json\/wp\/v2\/product\/45640","targetHints":{"allow":["GET"]}}],"collection":[{"href":"https:\/\/all-pets.de\/shop\/wp-json\/wp\/v2\/product"}],"about":[{"href":"https:\/\/all-pets.de\/shop\/wp-json\/wp\/v2\/types\/product"}],"replies":[{"embeddable":true,"href":"https:\/\/all-pets.de\/shop\/wp-json\/wp\/v2\/comments?post=45640"}],"wp:featuredmedia":[{"embeddable":true,"href":"https:\/\/all-pets.de\/shop\/wp-json\/wp\/v2\/media\/21724"}],"wp:attachment":[{"href":"https:\/\/all-pets.de\/shop\/wp-json\/wp\/v2\/media?parent=45640"}],"wp:term":[{"taxonomy":"product_cat","embeddable":true,"href":"https:\/\/all-pets.de\/shop\/wp-json\/wp\/v2\/product_cat?post=45640"},{"taxonomy":"product_tag","embeddable":true,"href":"https:\/\/all-pets.de\/shop\/wp-json\/wp\/v2\/product_tag?post=45640"}],"curies":[{"name":"wp","href":"https:\/\/api.w.org\/{rel}","templated":true}]}}