{"id":45642,"date":"2023-12-12T10:49:10","date_gmt":"2023-12-12T09:49:10","guid":{"rendered":"https:\/\/pet-shopping.de\/shop\/produkt\/country-dog-lilo\/"},"modified":"2023-12-12T10:49:12","modified_gmt":"2023-12-12T09:49:12","slug":"country-dog-lilo","status":"publish","type":"product","link":"https:\/\/all-pets.de\/shop\/produkt\/country-dog-lilo\/","title":{"rendered":"Country Dog Lilo"},"content":{"rendered":"<p><span>Dieses coole Leinenstoff Kuscheltier f\u00fcr Ihren Hund, versteckt im Inneren einen spannenden Quietscher und eine raschelnde F\u00fcllung f\u00fcr extra Spielspa\u00df.<\/span><\/p>\n<p><span>Ma\u00dfe: ca. 24 x 10 cm <\/span><\/p>\n","protected":false},"excerpt":{"rendered":"<p>Dieses coole Leinenstoff Kuscheltier f\u00fcr Ihren Hund, versteckt im Inneren einen spannenden Quietscher und eine raschelnde F\u00fcllung f\u00fcr extra Spielspa\u00df. Ma\u00dfe: ca. 24 x 10 cm<\/p>\n","protected":false},"featured_media":34315,"comment_status":"closed","ping_status":"open","template":"","meta":[],"product_cat":[13803],"product_tag":[],"class_list":{"0":"post-45642","1":"product","2":"type-product","3":"status-publish","4":"has-post-thumbnail","6":"product_cat-nachhaltiges-hundespielzeug","8":"first","9":"instock","10":"taxable","11":"shipping-taxable","12":"purchasable","13":"product-type-simple"},"_links":{"self":[{"href":"https:\/\/all-pets.de\/shop\/wp-json\/wp\/v2\/product\/45642","targetHints":{"allow":["GET"]}}],"collection":[{"href":"https:\/\/all-pets.de\/shop\/wp-json\/wp\/v2\/product"}],"about":[{"href":"https:\/\/all-pets.de\/shop\/wp-json\/wp\/v2\/types\/product"}],"replies":[{"embeddable":true,"href":"https:\/\/all-pets.de\/shop\/wp-json\/wp\/v2\/comments?post=45642"}],"wp:featuredmedia":[{"embeddable":true,"href":"https:\/\/all-pets.de\/shop\/wp-json\/wp\/v2\/media\/34315"}],"wp:attachment":[{"href":"https:\/\/all-pets.de\/shop\/wp-json\/wp\/v2\/media?parent=45642"}],"wp:term":[{"taxonomy":"product_cat","embeddable":true,"href":"https:\/\/all-pets.de\/shop\/wp-json\/wp\/v2\/product_cat?post=45642"},{"taxonomy":"product_tag","embeddable":true,"href":"https:\/\/all-pets.de\/shop\/wp-json\/wp\/v2\/product_tag?post=45642"}],"curies":[{"name":"wp","href":"https:\/\/api.w.org\/{rel}","templated":true}]}}