{"id":45644,"date":"2023-12-12T10:49:10","date_gmt":"2023-12-12T09:49:10","guid":{"rendered":"https:\/\/pet-shopping.de\/shop\/produkt\/trixie-be-eco-katzentoilette-vico\/"},"modified":"2023-12-12T10:49:12","modified_gmt":"2023-12-12T09:49:12","slug":"trixie-be-eco-katzentoilette-vico","status":"publish","type":"product","link":"https:\/\/all-pets.de\/shop\/produkt\/trixie-be-eco-katzentoilette-vico\/","title":{"rendered":"Trixie Be Eco Katzentoilette Vico"},"content":{"rendered":"<ul>\n<li>besonders nachhaltig durch recycelten Kunststoff<\/li>\n<li>Easy Click-Verschl\u00fcsse<\/li>\n<li>Ma\u00dfe: ca. 40 \u00d7 40 \u00d7 56 cm<\/li>\n<li>Farbe: anthrazit\/grau-gr\u00fcn <\/li>\n<\/ul>\n","protected":false},"excerpt":{"rendered":"<p>besonders nachhaltig durch recycelten Kunststoff Easy Click-Verschl\u00fcsse Ma\u00dfe: ca. 40 \u00d7 40 \u00d7 56 cm Farbe: anthrazit\/grau-gr\u00fcn<\/p>\n","protected":false},"featured_media":1116,"comment_status":"closed","ping_status":"open","template":"","meta":[],"product_cat":[14073],"product_tag":[],"class_list":{"0":"post-45644","1":"product","2":"type-product","3":"status-publish","4":"has-post-thumbnail","6":"product_cat-nachhaltige-katzentoiletten","8":"first","9":"instock","10":"taxable","11":"shipping-taxable","12":"purchasable","13":"product-type-simple"},"_links":{"self":[{"href":"https:\/\/all-pets.de\/shop\/wp-json\/wp\/v2\/product\/45644","targetHints":{"allow":["GET"]}}],"collection":[{"href":"https:\/\/all-pets.de\/shop\/wp-json\/wp\/v2\/product"}],"about":[{"href":"https:\/\/all-pets.de\/shop\/wp-json\/wp\/v2\/types\/product"}],"replies":[{"embeddable":true,"href":"https:\/\/all-pets.de\/shop\/wp-json\/wp\/v2\/comments?post=45644"}],"wp:featuredmedia":[{"embeddable":true,"href":"https:\/\/all-pets.de\/shop\/wp-json\/wp\/v2\/media\/1116"}],"wp:attachment":[{"href":"https:\/\/all-pets.de\/shop\/wp-json\/wp\/v2\/media?parent=45644"}],"wp:term":[{"taxonomy":"product_cat","embeddable":true,"href":"https:\/\/all-pets.de\/shop\/wp-json\/wp\/v2\/product_cat?post=45644"},{"taxonomy":"product_tag","embeddable":true,"href":"https:\/\/all-pets.de\/shop\/wp-json\/wp\/v2\/product_tag?post=45644"}],"curies":[{"name":"wp","href":"https:\/\/api.w.org\/{rel}","templated":true}]}}