{"id":45646,"date":"2023-12-12T10:49:14","date_gmt":"2023-12-12T09:49:14","guid":{"rendered":"https:\/\/pet-shopping.de\/shop\/produkt\/trixie-bungee-dummy\/"},"modified":"2023-12-12T10:49:14","modified_gmt":"2023-12-12T09:49:14","slug":"trixie-bungee-dummy","status":"publish","type":"product","link":"https:\/\/all-pets.de\/shop\/produkt\/trixie-bungee-dummy\/","title":{"rendered":"Trixie Bungee Dummy"},"content":{"rendered":"<div class=\"mb-3 row\">\n<div class=\"col\">\n<ul>\n<li>\n<ul>\n<ul>\n<li>Pl\u00fcsch\/Stoff (Polyester)<\/li>\n<li>mit Ruckd\u00e4mpfer<\/li>\n<li>ger\u00e4uschlos<\/li>\n<li>Ma\u00dfe: ca. 20 cm \/ 47 cm<\/li>\n<li>Diverse Farben. Eine Farbwahl ist leider nicht m\u00f6glich, da die Farbe je nach Lagerbestand gew\u00e4hlt wird. <\/li>\n<\/ul>\n<\/ul>\n<\/li>\n<\/ul>\n<\/div>\n<\/div>\n","protected":false},"excerpt":{"rendered":"<p>Pl\u00fcsch\/Stoff (Polyester) mit Ruckd\u00e4mpfer ger\u00e4uschlos Ma\u00dfe: ca. 20 cm \/ 47 cm Diverse Farben. Eine Farbwahl ist leider nicht m\u00f6glich, da die Farbe je nach Lagerbestand gew\u00e4hlt wird.<\/p>\n","protected":false},"featured_media":45647,"comment_status":"closed","ping_status":"open","template":"","meta":[],"product_cat":[14075],"product_tag":[],"class_list":{"0":"post-45646","1":"product","2":"type-product","3":"status-publish","4":"has-post-thumbnail","6":"product_cat-hundewurfspielzeug-hundespielzeug-sport-trainings-zubehoerhundewelt-erziehung-hundewelt","8":"first","9":"instock","10":"taxable","11":"shipping-taxable","12":"purchasable","13":"product-type-simple"},"_links":{"self":[{"href":"https:\/\/all-pets.de\/shop\/wp-json\/wp\/v2\/product\/45646","targetHints":{"allow":["GET"]}}],"collection":[{"href":"https:\/\/all-pets.de\/shop\/wp-json\/wp\/v2\/product"}],"about":[{"href":"https:\/\/all-pets.de\/shop\/wp-json\/wp\/v2\/types\/product"}],"replies":[{"embeddable":true,"href":"https:\/\/all-pets.de\/shop\/wp-json\/wp\/v2\/comments?post=45646"}],"wp:featuredmedia":[{"embeddable":true,"href":"https:\/\/all-pets.de\/shop\/wp-json\/wp\/v2\/media\/45647"}],"wp:attachment":[{"href":"https:\/\/all-pets.de\/shop\/wp-json\/wp\/v2\/media?parent=45646"}],"wp:term":[{"taxonomy":"product_cat","embeddable":true,"href":"https:\/\/all-pets.de\/shop\/wp-json\/wp\/v2\/product_cat?post=45646"},{"taxonomy":"product_tag","embeddable":true,"href":"https:\/\/all-pets.de\/shop\/wp-json\/wp\/v2\/product_tag?post=45646"}],"curies":[{"name":"wp","href":"https:\/\/api.w.org\/{rel}","templated":true}]}}