{"id":45654,"date":"2023-12-12T10:49:14","date_gmt":"2023-12-12T09:49:14","guid":{"rendered":"https:\/\/pet-shopping.de\/shop\/produkt\/zeus-duo-ninja-stern-mit-minzduft\/"},"modified":"2023-12-12T10:49:16","modified_gmt":"2023-12-12T09:49:16","slug":"zeus-duo-ninja-stern-mit-minzduft","status":"publish","type":"product","link":"https:\/\/all-pets.de\/shop\/produkt\/zeus-duo-ninja-stern-mit-minzduft\/","title":{"rendered":"Zeus Duo Ninja-Stern mit Minzduft"},"content":{"rendered":"<p>Robustes Spielzeug f\u00fcr Hunde<\/p>\n<p>Der Ninja-Stern ist gr\u00fcn und duftet nach leckerer Minze. Er ist ca. 12,5 cm gro\u00df.<\/p>\n<p>Die Zeus DUO Kauspielzeuge bestehen aus einem einzigartigen Duo aus langlebigen, ungiftigen Materialien, die deinem Hund ein optimales Kauerlebnis bieten. Der feste Kern aus Nylon wird von einer weichen, aber dennoch widerstandsf\u00e4higen Au\u00dfenschicht aus TPR umh\u00fcllt, in die dein Hund gerne hineinbei\u00dfen wird. Somit tragen die Spielzeuge dazu bei, einem destruktiven Kauverhalten entgegenzuwirken.<\/p>\n<p>8 lustige, stimulierende Designs<br \/>Die DUO Toys sind in einer Vielzahl an einladenden Formen und Oberfl\u00e4chenstrukturen erh\u00e4ltlich, so dass f\u00fcr die Gr\u00f6\u00dfe und Pers\u00f6nlichkeit eines jeden Hundes etwas dabei ist. Beide DUO Sticks eignen sich hervorragend f\u00fcr Apportierspiele, w\u00e4hrend andere Spielzeuge beschwert sind, damit sich dein Hund damit zu Hause in aller Ruhe besch\u00e4ftigen kann.<\/p>\n<p>Langanhaltende D\u00fcfte<br \/>Von appetitlichem Speck und H\u00fchnchen bis hin zu k\u00f6stlicher Kokosnuss und Minze \u2013 die Zeus DUO Kauspielzeuge gibt es in 4 \u00e4u\u00dferst attraktiven Duftrichtungen, die das Interesse deines Hundes wecken und ihn besch\u00e4ftigen.<\/p>\n<p>Schn\u00fcffel, schn\u00fcffel<br \/>Die Spielzeuge haben winzige \u00d6ffnungen in ihrer Au\u00dfenschicht, durch die der Duft hindurchdringen kann.<\/p>\n","protected":false},"excerpt":{"rendered":"<p>Robustes Spielzeug f\u00fcr Hunde Der Ninja-Stern ist gr\u00fcn und duftet nach leckerer Minze. Er ist ca. 12,5 cm gro\u00df. Die Zeus DUO Kauspielzeuge bestehen aus einem einzigartigen Duo aus langlebigen, ungiftigen Materialien, die deinem Hund ein optimales Kauerlebnis bieten. Der feste Kern aus Nylon wird von einer weichen, aber dennoch widerstandsf\u00e4higen Au\u00dfenschicht aus TPR umh\u00fcllt, [&hellip;]<\/p>\n","protected":false},"featured_media":45655,"comment_status":"closed","ping_status":"open","template":"","meta":[],"product_cat":[13766],"product_tag":[],"class_list":{"0":"post-45654","1":"product","2":"type-product","3":"status-publish","4":"has-post-thumbnail","6":"product_cat-aroma-spielzeug","8":"first","9":"instock","10":"taxable","11":"shipping-taxable","12":"purchasable","13":"product-type-simple"},"_links":{"self":[{"href":"https:\/\/all-pets.de\/shop\/wp-json\/wp\/v2\/product\/45654","targetHints":{"allow":["GET"]}}],"collection":[{"href":"https:\/\/all-pets.de\/shop\/wp-json\/wp\/v2\/product"}],"about":[{"href":"https:\/\/all-pets.de\/shop\/wp-json\/wp\/v2\/types\/product"}],"replies":[{"embeddable":true,"href":"https:\/\/all-pets.de\/shop\/wp-json\/wp\/v2\/comments?post=45654"}],"wp:featuredmedia":[{"embeddable":true,"href":"https:\/\/all-pets.de\/shop\/wp-json\/wp\/v2\/media\/45655"}],"wp:attachment":[{"href":"https:\/\/all-pets.de\/shop\/wp-json\/wp\/v2\/media?parent=45654"}],"wp:term":[{"taxonomy":"product_cat","embeddable":true,"href":"https:\/\/all-pets.de\/shop\/wp-json\/wp\/v2\/product_cat?post=45654"},{"taxonomy":"product_tag","embeddable":true,"href":"https:\/\/all-pets.de\/shop\/wp-json\/wp\/v2\/product_tag?post=45654"}],"curies":[{"name":"wp","href":"https:\/\/api.w.org\/{rel}","templated":true}]}}