{"id":45677,"date":"2023-12-12T10:49:24","date_gmt":"2023-12-12T09:49:24","guid":{"rendered":"https:\/\/pet-shopping.de\/shop\/produkt\/trixie-xmas-lebkuchenfigur-aus-latex\/"},"modified":"2023-12-12T10:49:24","modified_gmt":"2023-12-12T09:49:24","slug":"trixie-xmas-lebkuchenfigur-aus-latex","status":"publish","type":"product","link":"https:\/\/all-pets.de\/shop\/produkt\/trixie-xmas-lebkuchenfigur-aus-latex\/","title":{"rendered":"Trixie Xmas Lebkuchenfigur aus Latex"},"content":{"rendered":"<ul>\n<li>aus Latex<\/li>\n<li>Gr\u00f6\u00dfe: ca. 11 cm<\/li>\n<li>1 St\u00fcck<\/li>\n<li>Diverse Ausf\u00fchrungen, eine Motivwahl ist leider nicht m\u00f6glich, da je nach Lagerbestand verschickt wird.<\/li>\n<\/ul>\n","protected":false},"excerpt":{"rendered":"<p>aus Latex Gr\u00f6\u00dfe: ca. 11 cm 1 St\u00fcck Diverse Ausf\u00fchrungen, eine Motivwahl ist leider nicht m\u00f6glich, da je nach Lagerbestand verschickt wird.<\/p>\n","protected":false},"featured_media":45678,"comment_status":"closed","ping_status":"open","template":"","meta":[],"product_cat":[14098],"product_tag":[],"class_list":{"0":"post-45677","1":"product","2":"type-product","3":"status-publish","4":"has-post-thumbnail","6":"product_cat-hunde-x-mas","8":"first","9":"instock","10":"taxable","11":"shipping-taxable","12":"purchasable","13":"product-type-simple"},"_links":{"self":[{"href":"https:\/\/all-pets.de\/shop\/wp-json\/wp\/v2\/product\/45677","targetHints":{"allow":["GET"]}}],"collection":[{"href":"https:\/\/all-pets.de\/shop\/wp-json\/wp\/v2\/product"}],"about":[{"href":"https:\/\/all-pets.de\/shop\/wp-json\/wp\/v2\/types\/product"}],"replies":[{"embeddable":true,"href":"https:\/\/all-pets.de\/shop\/wp-json\/wp\/v2\/comments?post=45677"}],"wp:featuredmedia":[{"embeddable":true,"href":"https:\/\/all-pets.de\/shop\/wp-json\/wp\/v2\/media\/45678"}],"wp:attachment":[{"href":"https:\/\/all-pets.de\/shop\/wp-json\/wp\/v2\/media?parent=45677"}],"wp:term":[{"taxonomy":"product_cat","embeddable":true,"href":"https:\/\/all-pets.de\/shop\/wp-json\/wp\/v2\/product_cat?post=45677"},{"taxonomy":"product_tag","embeddable":true,"href":"https:\/\/all-pets.de\/shop\/wp-json\/wp\/v2\/product_tag?post=45677"}],"curies":[{"name":"wp","href":"https:\/\/api.w.org\/{rel}","templated":true}]}}