{"id":45682,"date":"2023-12-12T10:49:24","date_gmt":"2023-12-12T09:49:24","guid":{"rendered":"https:\/\/pet-shopping.de\/shop\/produkt\/trixie-doppeltoenige-bueffelhornpfeife-6-cm\/"},"modified":"2023-12-12T10:49:25","modified_gmt":"2023-12-12T09:49:25","slug":"trixie-doppeltoenige-bueffelhornpfeife-6-cm","status":"publish","type":"product","link":"https:\/\/all-pets.de\/shop\/produkt\/trixie-doppeltoenige-bueffelhornpfeife-6-cm\/","title":{"rendered":"Trixie doppelt\u00f6nige B\u00fcffelhornpfeife, 6 cm"},"content":{"rendered":"<p>Die doppelt\u00f6nige B\u00fcffelhornpfeife mit Pfeif- und Trillerton eignet sich optimal f\u00fcr Jagd und Ausbildung.<\/p>\n<p>Sie ist auch f\u00fcr weite Entfernungen gut geeignet. Mit Lederband zum Umh\u00e4ngen.<\/p>\n<p>Gr\u00f6\u00dfe: ca. 6 cm<\/p>\n","protected":false},"excerpt":{"rendered":"<p>Die doppelt\u00f6nige B\u00fcffelhornpfeife mit Pfeif- und Trillerton eignet sich optimal f\u00fcr Jagd und Ausbildung. Sie ist auch f\u00fcr weite Entfernungen gut geeignet. Mit Lederband zum Umh\u00e4ngen. Gr\u00f6\u00dfe: ca. 6 cm<\/p>\n","protected":false},"featured_media":25664,"comment_status":"closed","ping_status":"open","template":"","meta":[],"product_cat":[14099],"product_tag":[],"class_list":{"0":"post-45682","1":"product","2":"type-product","3":"status-publish","4":"has-post-thumbnail","6":"product_cat-trainings-zubehoer-erziehung-hundewelt","8":"first","9":"instock","10":"taxable","11":"shipping-taxable","12":"purchasable","13":"product-type-simple"},"_links":{"self":[{"href":"https:\/\/all-pets.de\/shop\/wp-json\/wp\/v2\/product\/45682","targetHints":{"allow":["GET"]}}],"collection":[{"href":"https:\/\/all-pets.de\/shop\/wp-json\/wp\/v2\/product"}],"about":[{"href":"https:\/\/all-pets.de\/shop\/wp-json\/wp\/v2\/types\/product"}],"replies":[{"embeddable":true,"href":"https:\/\/all-pets.de\/shop\/wp-json\/wp\/v2\/comments?post=45682"}],"wp:featuredmedia":[{"embeddable":true,"href":"https:\/\/all-pets.de\/shop\/wp-json\/wp\/v2\/media\/25664"}],"wp:attachment":[{"href":"https:\/\/all-pets.de\/shop\/wp-json\/wp\/v2\/media?parent=45682"}],"wp:term":[{"taxonomy":"product_cat","embeddable":true,"href":"https:\/\/all-pets.de\/shop\/wp-json\/wp\/v2\/product_cat?post=45682"},{"taxonomy":"product_tag","embeddable":true,"href":"https:\/\/all-pets.de\/shop\/wp-json\/wp\/v2\/product_tag?post=45682"}],"curies":[{"name":"wp","href":"https:\/\/api.w.org\/{rel}","templated":true}]}}