{"id":45684,"date":"2023-12-12T10:49:24","date_gmt":"2023-12-12T09:49:24","guid":{"rendered":"https:\/\/pet-shopping.de\/shop\/produkt\/trixie-trillerpfeife-aus-kunststoff\/"},"modified":"2023-12-12T10:49:25","modified_gmt":"2023-12-12T09:49:25","slug":"trixie-trillerpfeife-aus-kunststoff","status":"publish","type":"product","link":"https:\/\/all-pets.de\/shop\/produkt\/trixie-trillerpfeife-aus-kunststoff\/","title":{"rendered":"Trixie Trillerpfeife aus Kunststoff"},"content":{"rendered":"<p>Hunde reagieren vorrangig auf T\u00f6ne und akustische Signale und nicht auf Sprache.<\/p>\n<p>Die Trillerpfeife eignet sich daher optimal zur Ausbildung. Sie unterscheidet sich in ihrem Klang ganz deutlich von den \u00fcblichen Ger\u00e4uschen, mit denen Ihr Hund Tag f\u00fcr Tag konfrontiert wird.<\/p>\n<p>Die Trillerpfeife hat eine gleichbleibende Tonfrequenz und besteht aus Kunststoff. Mit Schl\u00fcsselring.<\/p>\n<p>Gr\u00f6\u00dfe: ca. 6,5 cm<\/p>\n<p><\/p>\n","protected":false},"excerpt":{"rendered":"<p>Hunde reagieren vorrangig auf T\u00f6ne und akustische Signale und nicht auf Sprache. Die Trillerpfeife eignet sich daher optimal zur Ausbildung. Sie unterscheidet sich in ihrem Klang ganz deutlich von den \u00fcblichen Ger\u00e4uschen, mit denen Ihr Hund Tag f\u00fcr Tag konfrontiert wird. Die Trillerpfeife hat eine gleichbleibende Tonfrequenz und besteht aus Kunststoff. Mit Schl\u00fcsselring. Gr\u00f6\u00dfe: ca. [&hellip;]<\/p>\n","protected":false},"featured_media":25668,"comment_status":"closed","ping_status":"open","template":"","meta":[],"product_cat":[13709],"product_tag":[],"class_list":{"0":"post-45684","1":"product","2":"type-product","3":"status-publish","4":"has-post-thumbnail","6":"product_cat-hundepfeifen","8":"first","9":"instock","10":"taxable","11":"shipping-taxable","12":"purchasable","13":"product-type-simple"},"_links":{"self":[{"href":"https:\/\/all-pets.de\/shop\/wp-json\/wp\/v2\/product\/45684","targetHints":{"allow":["GET"]}}],"collection":[{"href":"https:\/\/all-pets.de\/shop\/wp-json\/wp\/v2\/product"}],"about":[{"href":"https:\/\/all-pets.de\/shop\/wp-json\/wp\/v2\/types\/product"}],"replies":[{"embeddable":true,"href":"https:\/\/all-pets.de\/shop\/wp-json\/wp\/v2\/comments?post=45684"}],"wp:featuredmedia":[{"embeddable":true,"href":"https:\/\/all-pets.de\/shop\/wp-json\/wp\/v2\/media\/25668"}],"wp:attachment":[{"href":"https:\/\/all-pets.de\/shop\/wp-json\/wp\/v2\/media?parent=45684"}],"wp:term":[{"taxonomy":"product_cat","embeddable":true,"href":"https:\/\/all-pets.de\/shop\/wp-json\/wp\/v2\/product_cat?post=45684"},{"taxonomy":"product_tag","embeddable":true,"href":"https:\/\/all-pets.de\/shop\/wp-json\/wp\/v2\/product_tag?post=45684"}],"curies":[{"name":"wp","href":"https:\/\/api.w.org\/{rel}","templated":true}]}}