{"id":45687,"date":"2023-12-12T10:49:24","date_gmt":"2023-12-12T09:49:24","guid":{"rendered":"https:\/\/pet-shopping.de\/shop\/produkt\/trixie-anlegepflock-fuer-hunde\/"},"modified":"2023-12-12T10:49:26","modified_gmt":"2023-12-12T09:49:26","slug":"trixie-anlegepflock-fuer-hunde","status":"publish","type":"product","link":"https:\/\/all-pets.de\/shop\/produkt\/trixie-anlegepflock-fuer-hunde\/","title":{"rendered":"Trixie Anlegepflock f\u00fcr Hunde"},"content":{"rendered":"<p>Dieser verzinkte Anlegepflock eignet sich dazu, einen Hund kurzfristig mit einer Leine daran zu befestigen, z.B. bei der Ausbildung oder um diesen am Verlassen des Grundst\u00fcckes zu hindern.<\/p>\n<ul>\n<li>verzinkt<\/li>\n<li>mehrfache Anwendungsm\u00f6glichkeiten<\/li>\n<li>schnelles und einfaches Befestigen der Hundeleine<\/li>\n<\/ul>\n<p><strong>Ma\u00dfe<\/strong>: 40 cm 9 mm<\/p>\n<p><span style=\"weight: bold\">Achtung:<\/span><\/p>\n<p>Bitte beachten Sie, dass der Anlegepflock nur eine kurzfristige Ma\u00dfnahme darstellen soll. Lassen Sie daher Ihren Hund am Anlegepflock nach M\u00f6glichkeit nicht unbeaufsichtigt.<\/p>\n","protected":false},"excerpt":{"rendered":"<p>Dieser verzinkte Anlegepflock eignet sich dazu, einen Hund kurzfristig mit einer Leine daran zu befestigen, z.B. bei der Ausbildung oder um diesen am Verlassen des Grundst\u00fcckes zu hindern. verzinkt mehrfache Anwendungsm\u00f6glichkeiten schnelles und einfaches Befestigen der Hundeleine Ma\u00dfe: 40 cm 9 mm Achtung: Bitte beachten Sie, dass der Anlegepflock nur eine kurzfristige Ma\u00dfnahme darstellen soll. [&hellip;]<\/p>\n","protected":false},"featured_media":25674,"comment_status":"closed","ping_status":"open","template":"","meta":[],"product_cat":[14100],"product_tag":[],"class_list":{"0":"post-45687","1":"product","2":"type-product","3":"status-publish","4":"has-post-thumbnail","6":"product_cat-hofleinen","8":"first","9":"instock","10":"taxable","11":"shipping-taxable","12":"purchasable","13":"product-type-simple"},"_links":{"self":[{"href":"https:\/\/all-pets.de\/shop\/wp-json\/wp\/v2\/product\/45687","targetHints":{"allow":["GET"]}}],"collection":[{"href":"https:\/\/all-pets.de\/shop\/wp-json\/wp\/v2\/product"}],"about":[{"href":"https:\/\/all-pets.de\/shop\/wp-json\/wp\/v2\/types\/product"}],"replies":[{"embeddable":true,"href":"https:\/\/all-pets.de\/shop\/wp-json\/wp\/v2\/comments?post=45687"}],"wp:featuredmedia":[{"embeddable":true,"href":"https:\/\/all-pets.de\/shop\/wp-json\/wp\/v2\/media\/25674"}],"wp:attachment":[{"href":"https:\/\/all-pets.de\/shop\/wp-json\/wp\/v2\/media?parent=45687"}],"wp:term":[{"taxonomy":"product_cat","embeddable":true,"href":"https:\/\/all-pets.de\/shop\/wp-json\/wp\/v2\/product_cat?post=45687"},{"taxonomy":"product_tag","embeddable":true,"href":"https:\/\/all-pets.de\/shop\/wp-json\/wp\/v2\/product_tag?post=45687"}],"curies":[{"name":"wp","href":"https:\/\/api.w.org\/{rel}","templated":true}]}}