{"id":45689,"date":"2023-12-12T10:49:24","date_gmt":"2023-12-12T09:49:24","guid":{"rendered":"https:\/\/pet-shopping.de\/shop\/produkt\/trixie-adressanhaenger-verchromt\/"},"modified":"2023-12-12T10:49:26","modified_gmt":"2023-12-12T09:49:26","slug":"trixie-adressanhaenger-verchromt","status":"publish","type":"product","link":"https:\/\/all-pets.de\/shop\/produkt\/trixie-adressanhaenger-verchromt\/","title":{"rendered":"Trixie Adressanh\u00e4nger verchromt"},"content":{"rendered":"<p>Diese Adressanh\u00e4nger enthalten einen kleinen Zettel, auf dem die Telefonnummer und die Adresse des Hundehalters vermerkt werden k\u00f6nnen.<\/p>\n<p>Der Adressanh\u00e4nger besteht aus verchromtem Metall.<\/p>\n<p>Gr\u00f6\u00dfe: ca. 2,7 &#8211; 2,9cm<\/p>\n<p>diverse Formen: Hantel, Kegel und Zylinder<\/p>\n<p><font size=\"1\"><span>(Eine Modelwahl ist leider nicht m\u00f6glich, da die Form je nach Lagerbestand gew\u00e4hlt wird.)<\/span><\/font><\/p>\n","protected":false},"excerpt":{"rendered":"<p>Diese Adressanh\u00e4nger enthalten einen kleinen Zettel, auf dem die Telefonnummer und die Adresse des Hundehalters vermerkt werden k\u00f6nnen. Der Adressanh\u00e4nger besteht aus verchromtem Metall. Gr\u00f6\u00dfe: ca. 2,7 &#8211; 2,9cm diverse Formen: Hantel, Kegel und Zylinder (Eine Modelwahl ist leider nicht m\u00f6glich, da die Form je nach Lagerbestand gew\u00e4hlt wird.)<\/p>\n","protected":false},"featured_media":25678,"comment_status":"closed","ping_status":"open","template":"","meta":[],"product_cat":[13787],"product_tag":[],"class_list":{"0":"post-45689","1":"product","2":"type-product","3":"status-publish","4":"has-post-thumbnail","6":"product_cat-hundeadressanhaenger-blinker","8":"first","9":"instock","10":"taxable","11":"shipping-taxable","12":"purchasable","13":"product-type-simple"},"_links":{"self":[{"href":"https:\/\/all-pets.de\/shop\/wp-json\/wp\/v2\/product\/45689","targetHints":{"allow":["GET"]}}],"collection":[{"href":"https:\/\/all-pets.de\/shop\/wp-json\/wp\/v2\/product"}],"about":[{"href":"https:\/\/all-pets.de\/shop\/wp-json\/wp\/v2\/types\/product"}],"replies":[{"embeddable":true,"href":"https:\/\/all-pets.de\/shop\/wp-json\/wp\/v2\/comments?post=45689"}],"wp:featuredmedia":[{"embeddable":true,"href":"https:\/\/all-pets.de\/shop\/wp-json\/wp\/v2\/media\/25678"}],"wp:attachment":[{"href":"https:\/\/all-pets.de\/shop\/wp-json\/wp\/v2\/media?parent=45689"}],"wp:term":[{"taxonomy":"product_cat","embeddable":true,"href":"https:\/\/all-pets.de\/shop\/wp-json\/wp\/v2\/product_cat?post=45689"},{"taxonomy":"product_tag","embeddable":true,"href":"https:\/\/all-pets.de\/shop\/wp-json\/wp\/v2\/product_tag?post=45689"}],"curies":[{"name":"wp","href":"https:\/\/api.w.org\/{rel}","templated":true}]}}