{"id":45690,"date":"2023-12-12T10:49:24","date_gmt":"2023-12-12T09:49:24","guid":{"rendered":"https:\/\/pet-shopping.de\/shop\/produkt\/trixie-halsbandtasche-fuer-adresse-hundemarke\/"},"modified":"2023-12-12T10:49:26","modified_gmt":"2023-12-12T09:49:26","slug":"trixie-halsbandtasche-fuer-adresse-hundemarke","status":"publish","type":"product","link":"https:\/\/all-pets.de\/shop\/produkt\/trixie-halsbandtasche-fuer-adresse-hundemarke\/","title":{"rendered":"Trixie Halsbandtasche f\u00fcr Adresse\/Hundemarke"},"content":{"rendered":"<p>Dieses praktische kleine T\u00e4schlein sollte an keinem Hundehalsand fehlen!<\/p>\n<p>Die Tasche besteht aus Nylon und ist an der R\u00fcckseite mit zwei Gummib\u00e4ndern best\u00fcckt, mit deren Hilfe sie einfach an jedem Halsband bis zu einer Breite von ca. 4 cm befestigt werden kann. An der Vorderseite ist die Tasche mit einem reflektierenden Streifen versehen. Im Inneren der Tasche, die sich durch einen Klettverschluss \u00f6ffnen und schlie\u00dfen l\u00e4sst, befindet sich zum einem ein Schl\u00fcsselring, der zur Befestigung der Hundemarke dient und zum anderen ein Adressetikett, auf dem der Name des Hundes, Ihr Name, zwei Telefonnummern und sogar Ihre komplette Adresse Platz finden. Wer schon einmal einen Zettel aus einer \u00fcblichen Adresstube beschriftet hat, die im Normalfall sehr klein sind, wird den Platz auf dieser Adresskarte zu sch\u00e4tzen wissen, wobei auch ein gr\u00f6\u00dferer Zettel in gefaltetem Zustand ohne Probleme genutzt werden kann! <\/p>\n<p>Ma\u00dfe der Tasche: ca. 6 x 4 cm<\/p>\n<p>Eine Farbwahl ist leider nicht m\u00f6glich, da die Farbe je nach Lagerbestand gew\u00e4hlt wird. M\u00f6gliche Farben sind Schwarz, Blau und Rot.\u00a0\u00a0 <\/p>\n","protected":false},"excerpt":{"rendered":"<p>Dieses praktische kleine T\u00e4schlein sollte an keinem Hundehalsand fehlen! Die Tasche besteht aus Nylon und ist an der R\u00fcckseite mit zwei Gummib\u00e4ndern best\u00fcckt, mit deren Hilfe sie einfach an jedem Halsband bis zu einer Breite von ca. 4 cm befestigt werden kann. An der Vorderseite ist die Tasche mit einem reflektierenden Streifen versehen. Im Inneren [&hellip;]<\/p>\n","protected":false},"featured_media":25682,"comment_status":"closed","ping_status":"open","template":"","meta":[],"product_cat":[14103],"product_tag":[],"class_list":{"0":"post-45690","1":"product","2":"type-product","3":"status-publish","4":"has-post-thumbnail","6":"product_cat-gurt-und-futtertaschen-erziehung-gurt-futtertaschenhundewelt-unterwegs-hundeadressanhaenger-blinkerhundewelt","8":"first","9":"instock","10":"taxable","11":"shipping-taxable","12":"purchasable","13":"product-type-simple"},"_links":{"self":[{"href":"https:\/\/all-pets.de\/shop\/wp-json\/wp\/v2\/product\/45690","targetHints":{"allow":["GET"]}}],"collection":[{"href":"https:\/\/all-pets.de\/shop\/wp-json\/wp\/v2\/product"}],"about":[{"href":"https:\/\/all-pets.de\/shop\/wp-json\/wp\/v2\/types\/product"}],"replies":[{"embeddable":true,"href":"https:\/\/all-pets.de\/shop\/wp-json\/wp\/v2\/comments?post=45690"}],"wp:featuredmedia":[{"embeddable":true,"href":"https:\/\/all-pets.de\/shop\/wp-json\/wp\/v2\/media\/25682"}],"wp:attachment":[{"href":"https:\/\/all-pets.de\/shop\/wp-json\/wp\/v2\/media?parent=45690"}],"wp:term":[{"taxonomy":"product_cat","embeddable":true,"href":"https:\/\/all-pets.de\/shop\/wp-json\/wp\/v2\/product_cat?post=45690"},{"taxonomy":"product_tag","embeddable":true,"href":"https:\/\/all-pets.de\/shop\/wp-json\/wp\/v2\/product_tag?post=45690"}],"curies":[{"name":"wp","href":"https:\/\/api.w.org\/{rel}","templated":true}]}}