{"id":45691,"date":"2023-12-12T10:49:24","date_gmt":"2023-12-12T09:49:24","guid":{"rendered":"https:\/\/pet-shopping.de\/shop\/produkt\/trixie-clicker-mit-clicker-taste\/"},"modified":"2023-12-12T10:49:26","modified_gmt":"2023-12-12T09:49:26","slug":"trixie-clicker-mit-clicker-taste","status":"publish","type":"product","link":"https:\/\/all-pets.de\/shop\/produkt\/trixie-clicker-mit-clicker-taste\/","title":{"rendered":"Trixie Clicker mit Clicker-Taste"},"content":{"rendered":"<p>Dieser Clicker f\u00fcr Hunde hat eine Clicker Taste und einen G\u00fcrtelclip an einer ausziehbaren Nylonschnur.<\/p>\n<p>Er eignet sich f\u00fcr eine effektive Ausbildung mit der speziellen Signalton Methode der sanften Erziehung.<\/p>\n<p>Der Clicker stellt in der sanften Erziehung ein wirksames Element dar. Einfache Belohnung und Motivation durch das Click Ger\u00e4usch sind die Schwerpunkte bei diesem Erziehungs Hilfsmittel. Die Clicker Methode arbeitet ohne Bestrafung.<\/p>\n<p>Ob Welpe oder ausgewachsener Hund, die Clicker Methode ist in jedem Alter und in jeder Ausbildungsphase des Hundes anwendbar. Basierend auf der Signalton Methode bedeutet die Bet\u00e4tigung des Clickers f\u00fcr Ihren Hund in jeder Hinsicht eine Belohnung, auf die noch ein kleines Leckerli f\u00fcr Ihren Liebling folgen sollte. Im beiliegenden \u00dcbungsheft erhalten Sie eine Anleitung f\u00fcr das Training mit dem Clicker.<\/p>\n<p> <strong>Details:<\/strong><\/p>\n<ul>\n<li>Kunststoff<\/li>\n<li>mit Clicker Taste<\/li>\n<li>mit G\u00fcrtelclip an einer ausziehbaren Nylonschnur<\/li>\n<li>Trainingsanleitung beiliegend<\/li>\n<\/ul>\n<p>Farbe: Schwarz\/Rot oder Rot\/Schwarz <br \/> (Eine Farbwahl ist leider nicht m\u00f6glich, da die Farbe je nach Lagerbestand gew\u00e4hlt wird.)<\/p>\n","protected":false},"excerpt":{"rendered":"<p>Dieser Clicker f\u00fcr Hunde hat eine Clicker Taste und einen G\u00fcrtelclip an einer ausziehbaren Nylonschnur. Er eignet sich f\u00fcr eine effektive Ausbildung mit der speziellen Signalton Methode der sanften Erziehung. Der Clicker stellt in der sanften Erziehung ein wirksames Element dar. Einfache Belohnung und Motivation durch das Click Ger\u00e4usch sind die Schwerpunkte bei diesem Erziehungs [&hellip;]<\/p>\n","protected":false},"featured_media":25684,"comment_status":"closed","ping_status":"open","template":"","meta":[],"product_cat":[13703],"product_tag":[],"class_list":{"0":"post-45691","1":"product","2":"type-product","3":"status-publish","4":"has-post-thumbnail","6":"product_cat-agility-training","8":"first","9":"instock","10":"taxable","11":"shipping-taxable","12":"purchasable","13":"product-type-simple"},"_links":{"self":[{"href":"https:\/\/all-pets.de\/shop\/wp-json\/wp\/v2\/product\/45691","targetHints":{"allow":["GET"]}}],"collection":[{"href":"https:\/\/all-pets.de\/shop\/wp-json\/wp\/v2\/product"}],"about":[{"href":"https:\/\/all-pets.de\/shop\/wp-json\/wp\/v2\/types\/product"}],"replies":[{"embeddable":true,"href":"https:\/\/all-pets.de\/shop\/wp-json\/wp\/v2\/comments?post=45691"}],"wp:featuredmedia":[{"embeddable":true,"href":"https:\/\/all-pets.de\/shop\/wp-json\/wp\/v2\/media\/25684"}],"wp:attachment":[{"href":"https:\/\/all-pets.de\/shop\/wp-json\/wp\/v2\/media?parent=45691"}],"wp:term":[{"taxonomy":"product_cat","embeddable":true,"href":"https:\/\/all-pets.de\/shop\/wp-json\/wp\/v2\/product_cat?post=45691"},{"taxonomy":"product_tag","embeddable":true,"href":"https:\/\/all-pets.de\/shop\/wp-json\/wp\/v2\/product_tag?post=45691"}],"curies":[{"name":"wp","href":"https:\/\/api.w.org\/{rel}","templated":true}]}}