{"id":45693,"date":"2023-12-12T10:49:24","date_gmt":"2023-12-12T09:49:24","guid":{"rendered":"https:\/\/pet-shopping.de\/shop\/produkt\/trixie-clicker-ausbildungshilfe\/"},"modified":"2023-12-12T10:49:26","modified_gmt":"2023-12-12T09:49:26","slug":"trixie-clicker-ausbildungshilfe","status":"publish","type":"product","link":"https:\/\/all-pets.de\/shop\/produkt\/trixie-clicker-ausbildungshilfe\/","title":{"rendered":"Trixie Clicker Ausbildungshilfe"},"content":{"rendered":"<p>&#8211; effektive Ausbildung mit der Signalton-Methode<br \/> &#8211; gew\u00e4hrleistet konstant gleichbleibendes Ger\u00e4usch<br \/> &#8211; Clickerton einstellbar<br \/> &#8211; mit Nylonband<br \/> &#8211; inkl. \u00dcbungsheft mit Tipps und Tricks f\u00fcr das optimale Training<\/p>\n<p>Diverse Farben. Eine Farbwahl ist leider nicht m\u00f6glich, da die Farbe je nach Lagerbestand gew\u00e4hlt wird.<\/p>\n","protected":false},"excerpt":{"rendered":"<p>&#8211; effektive Ausbildung mit der Signalton-Methode &#8211; gew\u00e4hrleistet konstant gleichbleibendes Ger\u00e4usch &#8211; Clickerton einstellbar &#8211; mit Nylonband &#8211; inkl. \u00dcbungsheft mit Tipps und Tricks f\u00fcr das optimale Training Diverse Farben. Eine Farbwahl ist leider nicht m\u00f6glich, da die Farbe je nach Lagerbestand gew\u00e4hlt wird.<\/p>\n","protected":false},"featured_media":25688,"comment_status":"closed","ping_status":"open","template":"","meta":[],"product_cat":[13703],"product_tag":[],"class_list":{"0":"post-45693","1":"product","2":"type-product","3":"status-publish","4":"has-post-thumbnail","6":"product_cat-agility-training","8":"first","9":"instock","10":"taxable","11":"shipping-taxable","12":"purchasable","13":"product-type-simple"},"_links":{"self":[{"href":"https:\/\/all-pets.de\/shop\/wp-json\/wp\/v2\/product\/45693","targetHints":{"allow":["GET"]}}],"collection":[{"href":"https:\/\/all-pets.de\/shop\/wp-json\/wp\/v2\/product"}],"about":[{"href":"https:\/\/all-pets.de\/shop\/wp-json\/wp\/v2\/types\/product"}],"replies":[{"embeddable":true,"href":"https:\/\/all-pets.de\/shop\/wp-json\/wp\/v2\/comments?post=45693"}],"wp:featuredmedia":[{"embeddable":true,"href":"https:\/\/all-pets.de\/shop\/wp-json\/wp\/v2\/media\/25688"}],"wp:attachment":[{"href":"https:\/\/all-pets.de\/shop\/wp-json\/wp\/v2\/media?parent=45693"}],"wp:term":[{"taxonomy":"product_cat","embeddable":true,"href":"https:\/\/all-pets.de\/shop\/wp-json\/wp\/v2\/product_cat?post=45693"},{"taxonomy":"product_tag","embeddable":true,"href":"https:\/\/all-pets.de\/shop\/wp-json\/wp\/v2\/product_tag?post=45693"}],"curies":[{"name":"wp","href":"https:\/\/api.w.org\/{rel}","templated":true}]}}