{"id":45694,"date":"2023-12-12T10:49:24","date_gmt":"2023-12-12T09:49:24","guid":{"rendered":"https:\/\/pet-shopping.de\/shop\/produkt\/trixie-hofkette-5-m-3-mm\/"},"modified":"2023-12-12T10:49:26","modified_gmt":"2023-12-12T09:49:26","slug":"trixie-hofkette-5-m-3-mm","status":"publish","type":"product","link":"https:\/\/all-pets.de\/shop\/produkt\/trixie-hofkette-5-m-3-mm\/","title":{"rendered":"Trixie Hofkette &#8211; 5 m \/ 3 mm"},"content":{"rendered":"<p>Verzinkte Hofkette f\u00fcr Hunde mit einem K\u00f6rpergewicht bis ca. 50 kg.<\/p>\n<p>L\u00e4nge: ca. 5 m<br \/> Materialst\u00e4rke: ca. 3,0 mm<\/p>\n","protected":false},"excerpt":{"rendered":"<p>Verzinkte Hofkette f\u00fcr Hunde mit einem K\u00f6rpergewicht bis ca. 50 kg. L\u00e4nge: ca. 5 m Materialst\u00e4rke: ca. 3,0 mm<\/p>\n","protected":false},"featured_media":25692,"comment_status":"closed","ping_status":"open","template":"","meta":[],"product_cat":[14100],"product_tag":[],"class_list":{"0":"post-45694","1":"product","2":"type-product","3":"status-publish","4":"has-post-thumbnail","6":"product_cat-hofleinen","8":"first","9":"instock","10":"taxable","11":"shipping-taxable","12":"purchasable","13":"product-type-simple"},"_links":{"self":[{"href":"https:\/\/all-pets.de\/shop\/wp-json\/wp\/v2\/product\/45694","targetHints":{"allow":["GET"]}}],"collection":[{"href":"https:\/\/all-pets.de\/shop\/wp-json\/wp\/v2\/product"}],"about":[{"href":"https:\/\/all-pets.de\/shop\/wp-json\/wp\/v2\/types\/product"}],"replies":[{"embeddable":true,"href":"https:\/\/all-pets.de\/shop\/wp-json\/wp\/v2\/comments?post=45694"}],"wp:featuredmedia":[{"embeddable":true,"href":"https:\/\/all-pets.de\/shop\/wp-json\/wp\/v2\/media\/25692"}],"wp:attachment":[{"href":"https:\/\/all-pets.de\/shop\/wp-json\/wp\/v2\/media?parent=45694"}],"wp:term":[{"taxonomy":"product_cat","embeddable":true,"href":"https:\/\/all-pets.de\/shop\/wp-json\/wp\/v2\/product_cat?post=45694"},{"taxonomy":"product_tag","embeddable":true,"href":"https:\/\/all-pets.de\/shop\/wp-json\/wp\/v2\/product_tag?post=45694"}],"curies":[{"name":"wp","href":"https:\/\/api.w.org\/{rel}","templated":true}]}}