{"id":45697,"date":"2023-12-12T10:49:24","date_gmt":"2023-12-12T09:49:24","guid":{"rendered":"https:\/\/pet-shopping.de\/shop\/produkt\/trixie-auslaufleine-mit-laufrolle-15-m\/"},"modified":"2023-12-12T10:49:27","modified_gmt":"2023-12-12T09:49:27","slug":"trixie-auslaufleine-mit-laufrolle-15-m","status":"publish","type":"product","link":"https:\/\/all-pets.de\/shop\/produkt\/trixie-auslaufleine-mit-laufrolle-15-m\/","title":{"rendered":"Trixie Auslaufleine mit Laufrolle &#8211; 15 m"},"content":{"rendered":"<p>Die wetterfeste Auslaufleine mit Laufrolle bietet Ihrem Hund die ideale Auslaufm\u00f6glichkeit. Sie ist sicherer und st\u00e4rker als die meisten Hundeketten. Der Kunststoff\u00fcberzug sch\u00fctzt vor Korrosion und erleichtert die Reinigung der Leine. Die sto\u00dfged\u00e4mpfte Sprungfeder sch\u00fctzt den Hund vor Verletzungen. Diese Hofleine eignet sich f\u00fcr Hunde mit einem K\u00f6rpergewicht bis ca. 45 kg. Einfache Befestigung an B\u00e4umen oder W\u00e4nden. Laufleine mit Laufrolle, 3 m.<\/p>\n<p>L\u00e4nge: ca. 15 m<br \/> Farbe: Rot<\/p>\n","protected":false},"excerpt":{"rendered":"<p>Die wetterfeste Auslaufleine mit Laufrolle bietet Ihrem Hund die ideale Auslaufm\u00f6glichkeit. Sie ist sicherer und st\u00e4rker als die meisten Hundeketten. Der Kunststoff\u00fcberzug sch\u00fctzt vor Korrosion und erleichtert die Reinigung der Leine. Die sto\u00dfged\u00e4mpfte Sprungfeder sch\u00fctzt den Hund vor Verletzungen. Diese Hofleine eignet sich f\u00fcr Hunde mit einem K\u00f6rpergewicht bis ca. 45 kg. Einfache Befestigung an [&hellip;]<\/p>\n","protected":false},"featured_media":25698,"comment_status":"closed","ping_status":"open","template":"","meta":[],"product_cat":[14100],"product_tag":[],"class_list":{"0":"post-45697","1":"product","2":"type-product","3":"status-publish","4":"has-post-thumbnail","6":"product_cat-hofleinen","8":"first","9":"instock","10":"taxable","11":"shipping-taxable","12":"purchasable","13":"product-type-simple"},"_links":{"self":[{"href":"https:\/\/all-pets.de\/shop\/wp-json\/wp\/v2\/product\/45697","targetHints":{"allow":["GET"]}}],"collection":[{"href":"https:\/\/all-pets.de\/shop\/wp-json\/wp\/v2\/product"}],"about":[{"href":"https:\/\/all-pets.de\/shop\/wp-json\/wp\/v2\/types\/product"}],"replies":[{"embeddable":true,"href":"https:\/\/all-pets.de\/shop\/wp-json\/wp\/v2\/comments?post=45697"}],"wp:featuredmedia":[{"embeddable":true,"href":"https:\/\/all-pets.de\/shop\/wp-json\/wp\/v2\/media\/25698"}],"wp:attachment":[{"href":"https:\/\/all-pets.de\/shop\/wp-json\/wp\/v2\/media?parent=45697"}],"wp:term":[{"taxonomy":"product_cat","embeddable":true,"href":"https:\/\/all-pets.de\/shop\/wp-json\/wp\/v2\/product_cat?post=45697"},{"taxonomy":"product_tag","embeddable":true,"href":"https:\/\/all-pets.de\/shop\/wp-json\/wp\/v2\/product_tag?post=45697"}],"curies":[{"name":"wp","href":"https:\/\/api.w.org\/{rel}","templated":true}]}}