{"id":45698,"date":"2023-12-12T10:49:24","date_gmt":"2023-12-12T09:49:24","guid":{"rendered":"https:\/\/pet-shopping.de\/shop\/produkt\/trixie-tick-away-zeckenzieher\/"},"modified":"2023-12-12T10:49:27","modified_gmt":"2023-12-12T09:49:27","slug":"trixie-tick-away-zeckenzieher","status":"publish","type":"product","link":"https:\/\/all-pets.de\/shop\/produkt\/trixie-tick-away-zeckenzieher\/","title":{"rendered":"Trixie Tick Away Zeckenzieher"},"content":{"rendered":"<p>Mit diesem Zeckenzieher lassen sich Zecken m\u00fchelos ohne Einsatz von Giften oder Insektiziden entfernen. Hebeln Sie damit die Zecke einfach heraus. Ein Drehen des Zeckenziehers ist dabei weder notwendig noch ratsam.<\/p>\n<ul>\n<li>Kunststoff<\/li>\n<li>zum m\u00fchelosen Entfernen von Zecken<\/li>\n<li>keine Gifte und keine Insektizide<\/li>\n<li>mit \u00d6se f\u00fcr Schl\u00fcsselbund oder Leine<\/li>\n<li>6,5\u00a0cm<\/li>\n<\/ul>\n<p><strong>Gebrauchsanweisung:<\/strong><br \/> Streichen Sie das Fell rund um die Zecke beiseite. F\u00fchren Sie Tick away von der Seite unter die Zecke bis diese sich genau in dem vorhandenen Schlitz befindet. Fixieren Sie die Zecke mit leichtem Druck genau in der F\u00fchrung. Die Zecke l\u00e4sst sich durch eine Hebelbewegung oder einfaches Herausziehen m\u00fchelos entfernen. Die Hautpartie sollte nach dem Entfernen gr\u00fcndlich desinfiziert werden.<\/p>\n<p><strong>Achtung: Falls sich die Zecke nicht komplett entfernen l\u00e4sst, suchen Sie bitte einen Tierarzt auf.<\/strong><\/p>\n<p><strong>Allgemeines zum Thema Zecken:<\/strong><br \/> Zecken haben ihre Hauptaktivit\u00e4tszeit in den warmen Monaten von Mai bis August. Ab dieser Zeit sollte jeder Hunde und Katzenbesitzer mit einem geeigneten Instrument ausgestattet sein, um Zecken sicher zu entfernen. Zecken leben vor allem in der niedrigen Krautschicht von Wiesen, im Unterholz und an Waltr\u00e4ndern. Um zu ihren Wirten zu gelangen, krabbeln sie an Grashalmen oder im Geb\u00fcsch bis zu etwa einem Meter hoch. Sie lassen sich von dort auf vorbeikommende Tiere oder Menschen herabfallen oder abstreifen, die sie mit Hilfe von W\u00e4rme und chemischen Reizen wahrnehmen. Zecken k\u00f6nnen gef\u00e4hrlichen Krankheitserreger \u00fcbertragen. Diese m\u00fcssen sich allerdings w\u00e4hrend einer Blutmahlzeit erst in der Zecke vermehren, bevor sie mit dem Zeckenspeichel auf das Haustier \u00fcbertragen werden k\u00f6nnen. Wenn Zecken also einigen Stunden nach dem Festsaugen wieder entfernt werden, gibt es gute Chancen, das Tier vor einer Infektion zu sch\u00fctzen. Beim Entfernen sind folgende Punkte zu beachten:<\/p>\n<ul>\n<li>Die Zecke nicht mit \u00d6l, Klebstoff oder \u00e4hnlichem betr\u00e4ufeln.<\/li>\n<li>Mit einer speziellen Zeckenzange den Zeckenkopf so dicht wie m\u00f6glich an der Haut fassen und die Zecke als Ganzes herausdrehen oder ziehen.<\/li>\n<li>Nicht auf den Zeckenk\u00f6rper dr\u00fccken.<\/li>\n<li>Die Biss Stelle anschlie\u00dfend mit einer geeigneten Wundsalbe desinfizieren.<\/li>\n<\/ul>\n","protected":false},"excerpt":{"rendered":"<p>Mit diesem Zeckenzieher lassen sich Zecken m\u00fchelos ohne Einsatz von Giften oder Insektiziden entfernen. Hebeln Sie damit die Zecke einfach heraus. Ein Drehen des Zeckenziehers ist dabei weder notwendig noch ratsam. Kunststoff zum m\u00fchelosen Entfernen von Zecken keine Gifte und keine Insektizide mit \u00d6se f\u00fcr Schl\u00fcsselbund oder Leine 6,5\u00a0cm Gebrauchsanweisung: Streichen Sie das Fell rund [&hellip;]<\/p>\n","protected":false},"featured_media":25702,"comment_status":"closed","ping_status":"open","template":"","meta":[],"product_cat":[14068],"product_tag":[],"class_list":{"0":"post-45698","1":"product","2":"type-product","3":"status-publish","4":"has-post-thumbnail","6":"product_cat-ungeziefer-schutz-pflege-gesundheit-ungeziefer-schutzhundewelt-pflege-gesundheit-katzenwelt","8":"first","9":"instock","10":"taxable","11":"shipping-taxable","12":"purchasable","13":"product-type-simple"},"_links":{"self":[{"href":"https:\/\/all-pets.de\/shop\/wp-json\/wp\/v2\/product\/45698","targetHints":{"allow":["GET"]}}],"collection":[{"href":"https:\/\/all-pets.de\/shop\/wp-json\/wp\/v2\/product"}],"about":[{"href":"https:\/\/all-pets.de\/shop\/wp-json\/wp\/v2\/types\/product"}],"replies":[{"embeddable":true,"href":"https:\/\/all-pets.de\/shop\/wp-json\/wp\/v2\/comments?post=45698"}],"wp:featuredmedia":[{"embeddable":true,"href":"https:\/\/all-pets.de\/shop\/wp-json\/wp\/v2\/media\/25702"}],"wp:attachment":[{"href":"https:\/\/all-pets.de\/shop\/wp-json\/wp\/v2\/media?parent=45698"}],"wp:term":[{"taxonomy":"product_cat","embeddable":true,"href":"https:\/\/all-pets.de\/shop\/wp-json\/wp\/v2\/product_cat?post=45698"},{"taxonomy":"product_tag","embeddable":true,"href":"https:\/\/all-pets.de\/shop\/wp-json\/wp\/v2\/product_tag?post=45698"}],"curies":[{"name":"wp","href":"https:\/\/api.w.org\/{rel}","templated":true}]}}