{"id":45701,"date":"2023-12-12T10:49:29","date_gmt":"2023-12-12T09:49:29","guid":{"rendered":"https:\/\/pet-shopping.de\/shop\/produkt\/trixie-holzbuerste-doppelseitig-18-x-10-cm\/"},"modified":"2023-12-12T10:49:29","modified_gmt":"2023-12-12T09:49:29","slug":"trixie-holzbuerste-doppelseitig-18-x-10-cm","status":"publish","type":"product","link":"https:\/\/all-pets.de\/shop\/produkt\/trixie-holzbuerste-doppelseitig-18-x-10-cm\/","title":{"rendered":"Trixie Holzb\u00fcrste &#8211; doppelseitig, 18 x 10 cm"},"content":{"rendered":"<p>Diese doppelseitige B\u00fcrste des Herstellers Trixie beinhaltet zwei B\u00fcrsten in einem zur optimalen Pflege des Fells. Die Drahtborsten eignen sich besonders zum K\u00e4mmen dichter Unterwolle. Die weichen Nylonborsten bieten einen sehr guten Abschluss der Fellpflege. Sie entstauben das Fell und gl\u00e4tten das Deckhaar, so der dieses optimalen Glanz erh\u00e4lt. <\/p>\n<p>Die B\u00fcrste besteht aus Holz und die Drahtborsten sind mit Noppen versehen.<\/p>\n<p>Gr\u00f6\u00dfe: ca. 10 x 18 cm <\/p>\n<p>F\u00fcr folgende Felltypen geeignet:Langhaar, Rauhaar, Kurzhaar und Lockhaar.<\/p>\n","protected":false},"excerpt":{"rendered":"<p>Diese doppelseitige B\u00fcrste des Herstellers Trixie beinhaltet zwei B\u00fcrsten in einem zur optimalen Pflege des Fells. Die Drahtborsten eignen sich besonders zum K\u00e4mmen dichter Unterwolle. Die weichen Nylonborsten bieten einen sehr guten Abschluss der Fellpflege. Sie entstauben das Fell und gl\u00e4tten das Deckhaar, so der dieses optimalen Glanz erh\u00e4lt. Die B\u00fcrste besteht aus Holz und [&hellip;]<\/p>\n","protected":false},"featured_media":25710,"comment_status":"closed","ping_status":"open","template":"","meta":[],"product_cat":[14109],"product_tag":[],"class_list":{"0":"post-45701","1":"product","2":"type-product","3":"status-publish","4":"has-post-thumbnail","6":"product_cat-hundebuersten-striegel","8":"first","9":"instock","10":"taxable","11":"shipping-taxable","12":"purchasable","13":"product-type-simple"},"_links":{"self":[{"href":"https:\/\/all-pets.de\/shop\/wp-json\/wp\/v2\/product\/45701","targetHints":{"allow":["GET"]}}],"collection":[{"href":"https:\/\/all-pets.de\/shop\/wp-json\/wp\/v2\/product"}],"about":[{"href":"https:\/\/all-pets.de\/shop\/wp-json\/wp\/v2\/types\/product"}],"replies":[{"embeddable":true,"href":"https:\/\/all-pets.de\/shop\/wp-json\/wp\/v2\/comments?post=45701"}],"wp:featuredmedia":[{"embeddable":true,"href":"https:\/\/all-pets.de\/shop\/wp-json\/wp\/v2\/media\/25710"}],"wp:attachment":[{"href":"https:\/\/all-pets.de\/shop\/wp-json\/wp\/v2\/media?parent=45701"}],"wp:term":[{"taxonomy":"product_cat","embeddable":true,"href":"https:\/\/all-pets.de\/shop\/wp-json\/wp\/v2\/product_cat?post=45701"},{"taxonomy":"product_tag","embeddable":true,"href":"https:\/\/all-pets.de\/shop\/wp-json\/wp\/v2\/product_tag?post=45701"}],"curies":[{"name":"wp","href":"https:\/\/api.w.org\/{rel}","templated":true}]}}