{"id":45703,"date":"2023-12-12T10:49:29","date_gmt":"2023-12-12T09:49:29","guid":{"rendered":"https:\/\/pet-shopping.de\/shop\/produkt\/trixie-katzenbuerste-mit-nylonborsten\/"},"modified":"2023-12-12T10:49:29","modified_gmt":"2023-12-12T09:49:29","slug":"trixie-katzenbuerste-mit-nylonborsten","status":"publish","type":"product","link":"https:\/\/all-pets.de\/shop\/produkt\/trixie-katzenbuerste-mit-nylonborsten\/","title":{"rendered":"Trixie Katzenb\u00fcrste mit Nylonborsten"},"content":{"rendered":"<p>Diese B\u00fcrste des Herstellers Trixie eignet sich ideal zur Fellpflege von Katzen mit kurzem bis langem Fell. <\/p>\n<p>Die B\u00fcrste mit Nylonborsten und Holzgriff entfernt sicher tote Haare und entstaubt das Fell der Katze. Sie gl\u00e4ttet das Deckhaar und bringt einen seidigen Glanz. <\/p>\n<p>Gr\u00f6\u00dfe: ca. 5 x 18 cm<br \/> Borstenfeld: ca. 4 x 8 cm<\/p>\n","protected":false},"excerpt":{"rendered":"<p>Diese B\u00fcrste des Herstellers Trixie eignet sich ideal zur Fellpflege von Katzen mit kurzem bis langem Fell. Die B\u00fcrste mit Nylonborsten und Holzgriff entfernt sicher tote Haare und entstaubt das Fell der Katze. Sie gl\u00e4ttet das Deckhaar und bringt einen seidigen Glanz. Gr\u00f6\u00dfe: ca. 5 x 18 cm Borstenfeld: ca. 4 x 8 cm<\/p>\n","protected":false},"featured_media":25726,"comment_status":"closed","ping_status":"open","template":"","meta":[],"product_cat":[14110],"product_tag":[],"class_list":{"0":"post-45703","1":"product","2":"type-product","3":"status-publish","4":"has-post-thumbnail","6":"product_cat-katzenbuersten-striegel-fellpflege-pflege-gesundheit-katzenwelt","8":"first","9":"instock","10":"taxable","11":"shipping-taxable","12":"purchasable","13":"product-type-simple"},"_links":{"self":[{"href":"https:\/\/all-pets.de\/shop\/wp-json\/wp\/v2\/product\/45703","targetHints":{"allow":["GET"]}}],"collection":[{"href":"https:\/\/all-pets.de\/shop\/wp-json\/wp\/v2\/product"}],"about":[{"href":"https:\/\/all-pets.de\/shop\/wp-json\/wp\/v2\/types\/product"}],"replies":[{"embeddable":true,"href":"https:\/\/all-pets.de\/shop\/wp-json\/wp\/v2\/comments?post=45703"}],"wp:featuredmedia":[{"embeddable":true,"href":"https:\/\/all-pets.de\/shop\/wp-json\/wp\/v2\/media\/25726"}],"wp:attachment":[{"href":"https:\/\/all-pets.de\/shop\/wp-json\/wp\/v2\/media?parent=45703"}],"wp:term":[{"taxonomy":"product_cat","embeddable":true,"href":"https:\/\/all-pets.de\/shop\/wp-json\/wp\/v2\/product_cat?post=45703"},{"taxonomy":"product_tag","embeddable":true,"href":"https:\/\/all-pets.de\/shop\/wp-json\/wp\/v2\/product_tag?post=45703"}],"curies":[{"name":"wp","href":"https:\/\/api.w.org\/{rel}","templated":true}]}}