{"id":45705,"date":"2023-12-12T10:49:29","date_gmt":"2023-12-12T09:49:29","guid":{"rendered":"https:\/\/pet-shopping.de\/shop\/produkt\/trixie-fusselbuerste-beidseitig\/"},"modified":"2023-12-12T10:49:30","modified_gmt":"2023-12-12T09:49:30","slug":"trixie-fusselbuerste-beidseitig","status":"publish","type":"product","link":"https:\/\/all-pets.de\/shop\/produkt\/trixie-fusselbuerste-beidseitig\/","title":{"rendered":"Trixie Fusselb\u00fcrste, beidseitig"},"content":{"rendered":"<p>Die beidseitige Fusselb\u00fcrste reinigt Polster, Textilien und andere Stoffe schon beim einfachen \u00dcberb\u00fcrsten von Haaren und Fusseln.<\/p>\n<p>Der spezielle Samtbezug nimmt die Haare schnell auf. Einfach mit der B\u00fcrste in Pfeilrichtung \u00fcber die zu s\u00e4ubernde Fl\u00e4che b\u00fcrsten.<\/p>\n<p>Zum Reinigen der Fusselb\u00fcrste die Haare in Pfeilrichtung abstreifen.<\/p>\n<ul>\n<li>befreit schnell von Haaren und Fusseln dank speziellem Samtbezug<\/li>\n<li>geeignet zum Reinigen von Polstern, Textilien und anderen Stoffen<\/li>\n<li>beidseitig<\/li>\n<li>Farbe: Schwarz-Rot<\/li>\n<li>Gesamtgr\u00f6\u00dfe: 26 cm<\/li>\n<li>Gr\u00f6\u00dfe der Samtfl\u00e4che: ca. 10,5 x 5 cm<\/li>\n<\/ul>\n","protected":false},"excerpt":{"rendered":"<p>Die beidseitige Fusselb\u00fcrste reinigt Polster, Textilien und andere Stoffe schon beim einfachen \u00dcberb\u00fcrsten von Haaren und Fusseln. Der spezielle Samtbezug nimmt die Haare schnell auf. Einfach mit der B\u00fcrste in Pfeilrichtung \u00fcber die zu s\u00e4ubernde Fl\u00e4che b\u00fcrsten. Zum Reinigen der Fusselb\u00fcrste die Haare in Pfeilrichtung abstreifen. befreit schnell von Haaren und Fusseln dank speziellem Samtbezug [&hellip;]<\/p>\n","protected":false},"featured_media":25730,"comment_status":"closed","ping_status":"open","template":"","meta":[],"product_cat":[14111],"product_tag":[],"class_list":{"0":"post-45705","1":"product","2":"type-product","3":"status-publish","4":"has-post-thumbnail","6":"product_cat-hygiene-reinigung","8":"first","9":"instock","10":"taxable","11":"shipping-taxable","12":"purchasable","13":"product-type-simple"},"_links":{"self":[{"href":"https:\/\/all-pets.de\/shop\/wp-json\/wp\/v2\/product\/45705","targetHints":{"allow":["GET"]}}],"collection":[{"href":"https:\/\/all-pets.de\/shop\/wp-json\/wp\/v2\/product"}],"about":[{"href":"https:\/\/all-pets.de\/shop\/wp-json\/wp\/v2\/types\/product"}],"replies":[{"embeddable":true,"href":"https:\/\/all-pets.de\/shop\/wp-json\/wp\/v2\/comments?post=45705"}],"wp:featuredmedia":[{"embeddable":true,"href":"https:\/\/all-pets.de\/shop\/wp-json\/wp\/v2\/media\/25730"}],"wp:attachment":[{"href":"https:\/\/all-pets.de\/shop\/wp-json\/wp\/v2\/media?parent=45705"}],"wp:term":[{"taxonomy":"product_cat","embeddable":true,"href":"https:\/\/all-pets.de\/shop\/wp-json\/wp\/v2\/product_cat?post=45705"},{"taxonomy":"product_tag","embeddable":true,"href":"https:\/\/all-pets.de\/shop\/wp-json\/wp\/v2\/product_tag?post=45705"}],"curies":[{"name":"wp","href":"https:\/\/api.w.org\/{rel}","templated":true}]}}