{"id":45708,"date":"2023-12-12T10:49:29","date_gmt":"2023-12-12T09:49:29","guid":{"rendered":"https:\/\/pet-shopping.de\/shop\/produkt\/trixie-hundekot-beutel-4-x-20-beutel\/"},"modified":"2023-12-12T10:49:30","modified_gmt":"2023-12-12T09:49:30","slug":"trixie-hundekot-beutel-4-x-20-beutel","status":"publish","type":"product","link":"https:\/\/all-pets.de\/shop\/produkt\/trixie-hundekot-beutel-4-x-20-beutel\/","title":{"rendered":"Trixie Hundekot-Beutel &#8211; 4 x 20 Beutel"},"content":{"rendered":"<p>Hundekotbeutel sind die einfache und hygienische Methode, um die Umwelt frei von unerw\u00fcnschtem Hundekot zu hinterlassen. Die Kotbeutel aus Kunststoff eignen sich zum Nachf\u00fcllen f\u00fcr die meisten handels\u00fcblichen Rollen-Beutelspender (z.B. vom Hersteller Trixie die Artikelnummern 23471, 2331, 22841, 2295).<\/p>\n<p>Farbe: Schwarz<br \/> Inhalt: 4 Rollen mit je 20 Beuteln<\/p>\n","protected":false},"excerpt":{"rendered":"<p>Hundekotbeutel sind die einfache und hygienische Methode, um die Umwelt frei von unerw\u00fcnschtem Hundekot zu hinterlassen. Die Kotbeutel aus Kunststoff eignen sich zum Nachf\u00fcllen f\u00fcr die meisten handels\u00fcblichen Rollen-Beutelspender (z.B. vom Hersteller Trixie die Artikelnummern 23471, 2331, 22841, 2295). Farbe: Schwarz Inhalt: 4 Rollen mit je 20 Beuteln<\/p>\n","protected":false},"featured_media":25739,"comment_status":"closed","ping_status":"open","template":"","meta":[],"product_cat":[13757],"product_tag":[],"class_list":{"0":"post-45708","1":"product","2":"type-product","3":"status-publish","4":"has-post-thumbnail","6":"product_cat-hundetoiletten-hygiene","8":"first","9":"instock","10":"taxable","11":"shipping-taxable","12":"purchasable","13":"product-type-simple"},"_links":{"self":[{"href":"https:\/\/all-pets.de\/shop\/wp-json\/wp\/v2\/product\/45708","targetHints":{"allow":["GET"]}}],"collection":[{"href":"https:\/\/all-pets.de\/shop\/wp-json\/wp\/v2\/product"}],"about":[{"href":"https:\/\/all-pets.de\/shop\/wp-json\/wp\/v2\/types\/product"}],"replies":[{"embeddable":true,"href":"https:\/\/all-pets.de\/shop\/wp-json\/wp\/v2\/comments?post=45708"}],"wp:featuredmedia":[{"embeddable":true,"href":"https:\/\/all-pets.de\/shop\/wp-json\/wp\/v2\/media\/25739"}],"wp:attachment":[{"href":"https:\/\/all-pets.de\/shop\/wp-json\/wp\/v2\/media?parent=45708"}],"wp:term":[{"taxonomy":"product_cat","embeddable":true,"href":"https:\/\/all-pets.de\/shop\/wp-json\/wp\/v2\/product_cat?post=45708"},{"taxonomy":"product_tag","embeddable":true,"href":"https:\/\/all-pets.de\/shop\/wp-json\/wp\/v2\/product_tag?post=45708"}],"curies":[{"name":"wp","href":"https:\/\/api.w.org\/{rel}","templated":true}]}}