{"id":45709,"date":"2023-12-12T10:49:29","date_gmt":"2023-12-12T09:49:29","guid":{"rendered":"https:\/\/pet-shopping.de\/shop\/produkt\/trixie-fellpflege-handschuh\/"},"modified":"2023-12-12T10:49:30","modified_gmt":"2023-12-12T09:49:30","slug":"trixie-fellpflege-handschuh","status":"publish","type":"product","link":"https:\/\/all-pets.de\/shop\/produkt\/trixie-fellpflege-handschuh\/","title":{"rendered":"Trixie Fellpflege-Handschuh"},"content":{"rendered":"<p>f\u00fcr Hunde und Katzen<\/p>\n<p>Der Fellpflege Handschuh pflegt das Fell beim Streicheln und verleiht ihm einen seidigen Glanz. Er befreit das Fell von Staub und ist besonders w\u00e4hrend des Fellwechsels zum Entfernen von abgestorbenen Haaren geeignet. Die Noppen des Handschuhs massieren die Haut Ihres Tieres und f\u00f6rdern die Durchblutung.<\/p>\n<p>Der Fellpflege Handschuh pflegt durch die weichen Noppen das Fell schonend und ohne unangenehmes Ziepen. Er ist daher auch f\u00fcr empfindliche und junge Tiere geeignet.<\/p>\n<p>Der Handschuh eignet sich auch zum Reinigen von Teppichen und M\u00f6beln.<\/p>\n<ul>\n<li>pflegt das Fell beim Streicheln<\/li>\n<li>regt die Durchblutung an<\/li>\n<li>massiert und befreit das Fell von abgestorbenen Haaren und Staub<\/li>\n<li>auch f\u00fcr empfindliche und junge Tiere<\/li>\n<\/ul>\n<p> <span style=\"weight: bold\">Wissenswertes zum Thema Fellpflege<\/span><br \/> Fellpflege ist bei Tieren sehr wichtig. Daher ist es empfehlenswert, das Fell mindestens einmal w\u00f6chentlich zu k\u00e4mmen oder zu b\u00fcrsten. Das B\u00fcrsten des Felles dient nicht nur zu dessen Pflege, es regt auch die Durchblutung der Haut an und sorgt so f\u00fcr ein sch\u00f6nes, gl\u00e4nzendes Fell. Au\u00dferdem kann man z. B. auf Wunden, Zecken oder andere Parasiten aufmerksam werden.<\/p>\n","protected":false},"excerpt":{"rendered":"<p>f\u00fcr Hunde und Katzen Der Fellpflege Handschuh pflegt das Fell beim Streicheln und verleiht ihm einen seidigen Glanz. Er befreit das Fell von Staub und ist besonders w\u00e4hrend des Fellwechsels zum Entfernen von abgestorbenen Haaren geeignet. Die Noppen des Handschuhs massieren die Haut Ihres Tieres und f\u00f6rdern die Durchblutung. Der Fellpflege Handschuh pflegt durch die [&hellip;]<\/p>\n","protected":false},"featured_media":25741,"comment_status":"closed","ping_status":"open","template":"","meta":[],"product_cat":[14118],"product_tag":[],"class_list":{"0":"post-45709","1":"product","2":"type-product","3":"status-publish","4":"has-post-thumbnail","6":"product_cat-pflege-handschuhe-pflege-gesundheit-katzenbuersten-striegelhundewelt-fellpflege-pflege-gesundheit-reinigen-trocknenkatzenwelt-fellpflege-pflege-gesundheit-reinigen-trocknenhundewelt","8":"first","9":"instock","10":"taxable","11":"shipping-taxable","12":"purchasable","13":"product-type-simple"},"_links":{"self":[{"href":"https:\/\/all-pets.de\/shop\/wp-json\/wp\/v2\/product\/45709","targetHints":{"allow":["GET"]}}],"collection":[{"href":"https:\/\/all-pets.de\/shop\/wp-json\/wp\/v2\/product"}],"about":[{"href":"https:\/\/all-pets.de\/shop\/wp-json\/wp\/v2\/types\/product"}],"replies":[{"embeddable":true,"href":"https:\/\/all-pets.de\/shop\/wp-json\/wp\/v2\/comments?post=45709"}],"wp:featuredmedia":[{"embeddable":true,"href":"https:\/\/all-pets.de\/shop\/wp-json\/wp\/v2\/media\/25741"}],"wp:attachment":[{"href":"https:\/\/all-pets.de\/shop\/wp-json\/wp\/v2\/media?parent=45709"}],"wp:term":[{"taxonomy":"product_cat","embeddable":true,"href":"https:\/\/all-pets.de\/shop\/wp-json\/wp\/v2\/product_cat?post=45709"},{"taxonomy":"product_tag","embeddable":true,"href":"https:\/\/all-pets.de\/shop\/wp-json\/wp\/v2\/product_tag?post=45709"}],"curies":[{"name":"wp","href":"https:\/\/api.w.org\/{rel}","templated":true}]}}