{"id":45711,"date":"2023-12-12T10:49:29","date_gmt":"2023-12-12T09:49:29","guid":{"rendered":"https:\/\/pet-shopping.de\/shop\/produkt\/trixie-welpen-unterlage-nappy-stubenrein-60x60cm-10er\/"},"modified":"2023-12-12T10:49:31","modified_gmt":"2023-12-12T09:49:31","slug":"trixie-welpen-unterlage-nappy-stubenrein-60x60cm-10er","status":"publish","type":"product","link":"https:\/\/all-pets.de\/shop\/produkt\/trixie-welpen-unterlage-nappy-stubenrein-60x60cm-10er\/","title":{"rendered":"Trixie Welpen-Unterlage Nappy-Stubenrein 60x60cm &#8211; 10er"},"content":{"rendered":"<p>Die Welpen-Unterlage Nappy-Stubenrein hilft bei der schnellen und effektiven Erziehung von Hundewelpen. Sie sind besonders saugf\u00e4hig. Durch die feuchtigkeitsundurchl\u00e4ssige Folienunterseite bleibt der Boden trocken. Zus\u00e4tzlich sch\u00fctzt ein versiegelter Rand vor einem Auslaufen der Fl\u00fcssigkeit. Die Unterlagen bestehen aus langfaserigem, nat\u00fcrlichem Zellstoff.<\/p>\n<p>Die Unterlage kann auch ideal als Einlage f\u00fcr Transportboxen oder Schlafunterlage bei Inkontinenz verwendet werden.<\/p>\n<p>Ma\u00dfe: 60 x 60 cm<br \/> Inhalt: 10 St\u00fcck<\/p>\n<p><\/p>\n","protected":false},"excerpt":{"rendered":"<p>Die Welpen-Unterlage Nappy-Stubenrein hilft bei der schnellen und effektiven Erziehung von Hundewelpen. Sie sind besonders saugf\u00e4hig. Durch die feuchtigkeitsundurchl\u00e4ssige Folienunterseite bleibt der Boden trocken. Zus\u00e4tzlich sch\u00fctzt ein versiegelter Rand vor einem Auslaufen der Fl\u00fcssigkeit. Die Unterlagen bestehen aus langfaserigem, nat\u00fcrlichem Zellstoff. Die Unterlage kann auch ideal als Einlage f\u00fcr Transportboxen oder Schlafunterlage bei Inkontinenz verwendet [&hellip;]<\/p>\n","protected":false},"featured_media":25746,"comment_status":"closed","ping_status":"open","template":"","meta":[],"product_cat":[13761],"product_tag":[],"class_list":{"0":"post-45711","1":"product","2":"type-product","3":"status-publish","4":"has-post-thumbnail","6":"product_cat-welpen-erziehung","8":"first","9":"instock","10":"taxable","11":"shipping-taxable","12":"purchasable","13":"product-type-simple"},"_links":{"self":[{"href":"https:\/\/all-pets.de\/shop\/wp-json\/wp\/v2\/product\/45711","targetHints":{"allow":["GET"]}}],"collection":[{"href":"https:\/\/all-pets.de\/shop\/wp-json\/wp\/v2\/product"}],"about":[{"href":"https:\/\/all-pets.de\/shop\/wp-json\/wp\/v2\/types\/product"}],"replies":[{"embeddable":true,"href":"https:\/\/all-pets.de\/shop\/wp-json\/wp\/v2\/comments?post=45711"}],"wp:featuredmedia":[{"embeddable":true,"href":"https:\/\/all-pets.de\/shop\/wp-json\/wp\/v2\/media\/25746"}],"wp:attachment":[{"href":"https:\/\/all-pets.de\/shop\/wp-json\/wp\/v2\/media?parent=45711"}],"wp:term":[{"taxonomy":"product_cat","embeddable":true,"href":"https:\/\/all-pets.de\/shop\/wp-json\/wp\/v2\/product_cat?post=45711"},{"taxonomy":"product_tag","embeddable":true,"href":"https:\/\/all-pets.de\/shop\/wp-json\/wp\/v2\/product_tag?post=45711"}],"curies":[{"name":"wp","href":"https:\/\/api.w.org\/{rel}","templated":true}]}}