{"id":45712,"date":"2023-12-12T10:49:29","date_gmt":"2023-12-12T09:49:29","guid":{"rendered":"https:\/\/pet-shopping.de\/shop\/produkt\/trixie-softbuerste-aus-kunststoff-11-x-16-cm\/"},"modified":"2023-12-12T10:49:31","modified_gmt":"2023-12-12T09:49:31","slug":"trixie-softbuerste-aus-kunststoff-11-x-16-cm","status":"publish","type":"product","link":"https:\/\/all-pets.de\/shop\/produkt\/trixie-softbuerste-aus-kunststoff-11-x-16-cm\/","title":{"rendered":"Trixie Softb\u00fcrste aus Kunststoff &#8211; 11 x 16 cm"},"content":{"rendered":"<p>Diese Softb\u00fcrste f\u00fcr Hunde ist aus Kunststoff gefertigt und mit extra weichen Metallborsten ausgestattet. Die Softb\u00fcrste verhindert ein Verkletten und Verfilzen des Fells. <\/p>\n<p>Der Griff der B\u00fcrste ist mit einer rutschfesten Gummieinlage versehen und bietet dadurch sicheren Halt bei der Fellplege.<\/p>\n<p>Zur einfachen Reinigung der B\u00fcrste ist ein B\u00fcrstenreiniger im Lieferumfang enthalten.<\/p>\n<p>Geeignet f\u00fcr folgende Felltypen: Langhaar, Rauhaar, Kurzhaar und Lockhaar.<\/p>\n<p>Gesamtgr\u00f6\u00dfe: ca. 11 x 16 cm<br \/> Borstenfeld: ca. 9 x 3,5 cm<\/p>\n<p>Diverse Farben<\/p>\n<p><font size=\"1\">(Eine Farbwahl ist leider nicht m\u00f6glich, da die Farbe je nach Lagerbestand gew\u00e4hlt wird.) <\/font><\/p>\n","protected":false},"excerpt":{"rendered":"<p>Diese Softb\u00fcrste f\u00fcr Hunde ist aus Kunststoff gefertigt und mit extra weichen Metallborsten ausgestattet. Die Softb\u00fcrste verhindert ein Verkletten und Verfilzen des Fells. Der Griff der B\u00fcrste ist mit einer rutschfesten Gummieinlage versehen und bietet dadurch sicheren Halt bei der Fellplege. Zur einfachen Reinigung der B\u00fcrste ist ein B\u00fcrstenreiniger im Lieferumfang enthalten. Geeignet f\u00fcr folgende [&hellip;]<\/p>\n","protected":false},"featured_media":25757,"comment_status":"closed","ping_status":"open","template":"","meta":[],"product_cat":[14112],"product_tag":[],"class_list":{"0":"post-45712","1":"product","2":"type-product","3":"status-publish","4":"has-post-thumbnail","6":"product_cat-hundebuersten-striegel-fellpflege-pflege-gesundheit-hundewelt","8":"first","9":"instock","10":"taxable","11":"shipping-taxable","12":"purchasable","13":"product-type-simple"},"_links":{"self":[{"href":"https:\/\/all-pets.de\/shop\/wp-json\/wp\/v2\/product\/45712","targetHints":{"allow":["GET"]}}],"collection":[{"href":"https:\/\/all-pets.de\/shop\/wp-json\/wp\/v2\/product"}],"about":[{"href":"https:\/\/all-pets.de\/shop\/wp-json\/wp\/v2\/types\/product"}],"replies":[{"embeddable":true,"href":"https:\/\/all-pets.de\/shop\/wp-json\/wp\/v2\/comments?post=45712"}],"wp:featuredmedia":[{"embeddable":true,"href":"https:\/\/all-pets.de\/shop\/wp-json\/wp\/v2\/media\/25757"}],"wp:attachment":[{"href":"https:\/\/all-pets.de\/shop\/wp-json\/wp\/v2\/media?parent=45712"}],"wp:term":[{"taxonomy":"product_cat","embeddable":true,"href":"https:\/\/all-pets.de\/shop\/wp-json\/wp\/v2\/product_cat?post=45712"},{"taxonomy":"product_tag","embeddable":true,"href":"https:\/\/all-pets.de\/shop\/wp-json\/wp\/v2\/product_tag?post=45712"}],"curies":[{"name":"wp","href":"https:\/\/api.w.org\/{rel}","templated":true}]}}