{"id":45715,"date":"2023-12-12T10:49:29","date_gmt":"2023-12-12T09:49:29","guid":{"rendered":"https:\/\/pet-shopping.de\/shop\/produkt\/trixie-softbuerste-beidseitig\/"},"modified":"2023-12-12T10:49:31","modified_gmt":"2023-12-12T09:49:31","slug":"trixie-softbuerste-beidseitig","status":"publish","type":"product","link":"https:\/\/all-pets.de\/shop\/produkt\/trixie-softbuerste-beidseitig\/","title":{"rendered":"Trixie Softb\u00fcrste &#8211; beidseitig"},"content":{"rendered":"<p>Diese doppelseitige B\u00fcrste des Herstellers Trixie beinhaltet zwei B\u00fcrsten in einer zur optimalen Pflege des Fells. Die Drahtborsten eignen sich besonders zum K\u00e4mmen dichter Unterwolle. Die weichen Nylonborsten bieten einen sehr guten Abschluss der Fellpflege. Sie entstauben das Fell und gl\u00e4tten das Deckhaar, so der dieses optimalen Glanz erh\u00e4lt. <\/p>\n<p>Die B\u00fcrste besteht aus Holz. mit extra weichen Draht- und Nylonborsten f\u00fcr eine besonders schonende Fellpflege.<\/p>\n<p>Gr\u00f6\u00dfe: ca. 6 x 13 cm <\/p>\n<p>F\u00fcr folgende Felltypen geeignet: <\/p>\n<p> &#8211; Langhaar<br \/> &#8211; Rauhaar <br \/> &#8211; Kurzhaar<br \/> &#8211; Lockhaar <\/p>\n<p>Diverse Farben<\/p>\n<p><font size=\"1\">(Eine Farbwahl ist leider nicht m\u00f6glich. Die Farbe wird je nach Lagerbestand gew\u00e4hlt.)<\/font>\u00a0 <\/p>\n<p>\u00a0<\/p>\n","protected":false},"excerpt":{"rendered":"<p>Diese doppelseitige B\u00fcrste des Herstellers Trixie beinhaltet zwei B\u00fcrsten in einer zur optimalen Pflege des Fells. Die Drahtborsten eignen sich besonders zum K\u00e4mmen dichter Unterwolle. Die weichen Nylonborsten bieten einen sehr guten Abschluss der Fellpflege. Sie entstauben das Fell und gl\u00e4tten das Deckhaar, so der dieses optimalen Glanz erh\u00e4lt. Die B\u00fcrste besteht aus Holz. mit [&hellip;]<\/p>\n","protected":false},"featured_media":25762,"comment_status":"closed","ping_status":"open","template":"","meta":[],"product_cat":[14125],"product_tag":[],"class_list":{"0":"post-45715","1":"product","2":"type-product","3":"status-publish","4":"has-post-thumbnail","6":"product_cat-fellpflege-pflege-gesundheit-hundebuersten-striegelkleintierwelt","8":"first","9":"instock","10":"taxable","11":"shipping-taxable","12":"purchasable","13":"product-type-simple"},"_links":{"self":[{"href":"https:\/\/all-pets.de\/shop\/wp-json\/wp\/v2\/product\/45715","targetHints":{"allow":["GET"]}}],"collection":[{"href":"https:\/\/all-pets.de\/shop\/wp-json\/wp\/v2\/product"}],"about":[{"href":"https:\/\/all-pets.de\/shop\/wp-json\/wp\/v2\/types\/product"}],"replies":[{"embeddable":true,"href":"https:\/\/all-pets.de\/shop\/wp-json\/wp\/v2\/comments?post=45715"}],"wp:featuredmedia":[{"embeddable":true,"href":"https:\/\/all-pets.de\/shop\/wp-json\/wp\/v2\/media\/25762"}],"wp:attachment":[{"href":"https:\/\/all-pets.de\/shop\/wp-json\/wp\/v2\/media?parent=45715"}],"wp:term":[{"taxonomy":"product_cat","embeddable":true,"href":"https:\/\/all-pets.de\/shop\/wp-json\/wp\/v2\/product_cat?post=45715"},{"taxonomy":"product_tag","embeddable":true,"href":"https:\/\/all-pets.de\/shop\/wp-json\/wp\/v2\/product_tag?post=45715"}],"curies":[{"name":"wp","href":"https:\/\/api.w.org\/{rel}","templated":true}]}}