{"id":45717,"date":"2023-12-12T10:49:29","date_gmt":"2023-12-12T09:49:29","guid":{"rendered":"https:\/\/pet-shopping.de\/shop\/produkt\/trixie-krallenschere-de-luxe-ca-12-cm\/"},"modified":"2023-12-12T10:49:31","modified_gmt":"2023-12-12T09:49:31","slug":"trixie-krallenschere-de-luxe-ca-12-cm","status":"publish","type":"product","link":"https:\/\/all-pets.de\/shop\/produkt\/trixie-krallenschere-de-luxe-ca-12-cm\/","title":{"rendered":"Trixie Krallenschere de Luxe &#8211; ca. 12 cm"},"content":{"rendered":"<p>Diese Krallenschere mit einer Gr\u00f6\u00dfe von ca. 12 cm eignet sich f\u00fcr kleine Hunde, Katzen, Kleintiere und V\u00f6gel. Sie ist besonders sicher in der Handhabung, mit einem Sicherheitsverschluss ausgestattet und besitzt eine verstellbare Begrenzung, um ein zu starkes K\u00fcrzen der Kralle zu vermeiden.<\/p>\n<p>Die Krallenschere besteht aus Metall mit Kunststoffgriffen mit rutschfester Gummieinlage.<\/p>\n<p>Gr\u00f6\u00dfe: ca. 12 cm<\/p>\n","protected":false},"excerpt":{"rendered":"<p>Diese Krallenschere mit einer Gr\u00f6\u00dfe von ca. 12 cm eignet sich f\u00fcr kleine Hunde, Katzen, Kleintiere und V\u00f6gel. Sie ist besonders sicher in der Handhabung, mit einem Sicherheitsverschluss ausgestattet und besitzt eine verstellbare Begrenzung, um ein zu starkes K\u00fcrzen der Kralle zu vermeiden. Die Krallenschere besteht aus Metall mit Kunststoffgriffen mit rutschfester Gummieinlage. Gr\u00f6\u00dfe: ca. [&hellip;]<\/p>\n","protected":false},"featured_media":25769,"comment_status":"closed","ping_status":"open","template":"","meta":[],"product_cat":[14127],"product_tag":[],"class_list":{"0":"post-45717","1":"product","2":"type-product","3":"status-publish","4":"has-post-thumbnail","6":"product_cat-krallenpflege","8":"first","9":"instock","10":"taxable","11":"shipping-taxable","12":"purchasable","13":"product-type-simple"},"_links":{"self":[{"href":"https:\/\/all-pets.de\/shop\/wp-json\/wp\/v2\/product\/45717","targetHints":{"allow":["GET"]}}],"collection":[{"href":"https:\/\/all-pets.de\/shop\/wp-json\/wp\/v2\/product"}],"about":[{"href":"https:\/\/all-pets.de\/shop\/wp-json\/wp\/v2\/types\/product"}],"replies":[{"embeddable":true,"href":"https:\/\/all-pets.de\/shop\/wp-json\/wp\/v2\/comments?post=45717"}],"wp:featuredmedia":[{"embeddable":true,"href":"https:\/\/all-pets.de\/shop\/wp-json\/wp\/v2\/media\/25769"}],"wp:attachment":[{"href":"https:\/\/all-pets.de\/shop\/wp-json\/wp\/v2\/media?parent=45717"}],"wp:term":[{"taxonomy":"product_cat","embeddable":true,"href":"https:\/\/all-pets.de\/shop\/wp-json\/wp\/v2\/product_cat?post=45717"},{"taxonomy":"product_tag","embeddable":true,"href":"https:\/\/all-pets.de\/shop\/wp-json\/wp\/v2\/product_tag?post=45717"}],"curies":[{"name":"wp","href":"https:\/\/api.w.org\/{rel}","templated":true}]}}