{"id":45720,"date":"2023-12-12T10:49:33","date_gmt":"2023-12-12T09:49:33","guid":{"rendered":"https:\/\/pet-shopping.de\/shop\/produkt\/trixie-krallenschere-ca-13-cm\/"},"modified":"2023-12-12T10:49:33","modified_gmt":"2023-12-12T09:49:33","slug":"trixie-krallenschere-ca-13-cm","status":"publish","type":"product","link":"https:\/\/all-pets.de\/shop\/produkt\/trixie-krallenschere-ca-13-cm\/","title":{"rendered":"Trixie Krallenschere &#8211; ca. 13 cm"},"content":{"rendered":"<p>Diese Krallenschere ist besonders gut f\u00fcr Kleintiere, kleine Hunderassen, V\u00f6gel und Katzen geeignet. Mit rostfreien Stahlklingen, rutschsicheren Griffen und Sicherheitsverschluss.<\/p>\n<p>Als verantwortungsbewusster Haustierbesitzer sollte man unbedingt darauf achten, dass die Krallen nicht zu lang werden. Beim Schneiden der Krallen muss man darauf achten, nicht zu weit zu schneiden, denn die Krallen sind mit Nerven und Blutgef\u00e4\u00dfen durchsetzt. Schneidet man zu weit, kann dieses zu Schmerzen und schlimmstenfalls zu Entz\u00fcndungen f\u00fchren.<\/p>\n<p>Am besten ist es, wenn man sich das fachgerechte Schneiden erst einmal vom Tierarzt zeigen l\u00e4sst, so dass man es in Zukunft ohne Hilfe erledigen kann. <\/p>\n<p>Gr\u00f6\u00dfe: ca. 13 cm<\/p>\n","protected":false},"excerpt":{"rendered":"<p>Diese Krallenschere ist besonders gut f\u00fcr Kleintiere, kleine Hunderassen, V\u00f6gel und Katzen geeignet. Mit rostfreien Stahlklingen, rutschsicheren Griffen und Sicherheitsverschluss. Als verantwortungsbewusster Haustierbesitzer sollte man unbedingt darauf achten, dass die Krallen nicht zu lang werden. Beim Schneiden der Krallen muss man darauf achten, nicht zu weit zu schneiden, denn die Krallen sind mit Nerven und [&hellip;]<\/p>\n","protected":false},"featured_media":25775,"comment_status":"closed","ping_status":"open","template":"","meta":[],"product_cat":[14129],"product_tag":[],"class_list":{"0":"post-45720","1":"product","2":"type-product","3":"status-publish","4":"has-post-thumbnail","6":"product_cat-krallenpflege-pflege-gesundheit-pfoten-krallenpflegekleintierwelt","8":"first","9":"instock","10":"taxable","11":"shipping-taxable","12":"purchasable","13":"product-type-simple"},"_links":{"self":[{"href":"https:\/\/all-pets.de\/shop\/wp-json\/wp\/v2\/product\/45720","targetHints":{"allow":["GET"]}}],"collection":[{"href":"https:\/\/all-pets.de\/shop\/wp-json\/wp\/v2\/product"}],"about":[{"href":"https:\/\/all-pets.de\/shop\/wp-json\/wp\/v2\/types\/product"}],"replies":[{"embeddable":true,"href":"https:\/\/all-pets.de\/shop\/wp-json\/wp\/v2\/comments?post=45720"}],"wp:featuredmedia":[{"embeddable":true,"href":"https:\/\/all-pets.de\/shop\/wp-json\/wp\/v2\/media\/25775"}],"wp:attachment":[{"href":"https:\/\/all-pets.de\/shop\/wp-json\/wp\/v2\/media?parent=45720"}],"wp:term":[{"taxonomy":"product_cat","embeddable":true,"href":"https:\/\/all-pets.de\/shop\/wp-json\/wp\/v2\/product_cat?post=45720"},{"taxonomy":"product_tag","embeddable":true,"href":"https:\/\/all-pets.de\/shop\/wp-json\/wp\/v2\/product_tag?post=45720"}],"curies":[{"name":"wp","href":"https:\/\/api.w.org\/{rel}","templated":true}]}}