{"id":45721,"date":"2023-12-12T10:49:33","date_gmt":"2023-12-12T09:49:33","guid":{"rendered":"https:\/\/pet-shopping.de\/shop\/produkt\/trixie-zeckenzange-aus-kunststoff\/"},"modified":"2023-12-12T10:49:33","modified_gmt":"2023-12-12T09:49:33","slug":"trixie-zeckenzange-aus-kunststoff","status":"publish","type":"product","link":"https:\/\/all-pets.de\/shop\/produkt\/trixie-zeckenzange-aus-kunststoff\/","title":{"rendered":"Trixie Zeckenzange aus Kunststoff"},"content":{"rendered":"<p>Zeckenzange aus Kunststoff zum m\u00fchelosen Entfernen von Zecken.<\/p>\n<p>Ma\u00dfe: ca. 9,5 x 1,5 cm<\/p>\n<p>Diverse Farben. <\/p>\n<p>Eine Farbwahl ist leider nicht m\u00f6glich, da die Farbe je nach Lagerbestand gew\u00e4hlt wird.<\/p>\n","protected":false},"excerpt":{"rendered":"<p>Zeckenzange aus Kunststoff zum m\u00fchelosen Entfernen von Zecken. Ma\u00dfe: ca. 9,5 x 1,5 cm Diverse Farben. Eine Farbwahl ist leider nicht m\u00f6glich, da die Farbe je nach Lagerbestand gew\u00e4hlt wird.<\/p>\n","protected":false},"featured_media":25779,"comment_status":"closed","ping_status":"open","template":"","meta":[],"product_cat":[13759],"product_tag":[],"class_list":{"0":"post-45721","1":"product","2":"type-product","3":"status-publish","4":"has-post-thumbnail","6":"product_cat-ungeziefer-schutz","8":"first","9":"instock","10":"taxable","11":"shipping-taxable","12":"purchasable","13":"product-type-simple"},"_links":{"self":[{"href":"https:\/\/all-pets.de\/shop\/wp-json\/wp\/v2\/product\/45721","targetHints":{"allow":["GET"]}}],"collection":[{"href":"https:\/\/all-pets.de\/shop\/wp-json\/wp\/v2\/product"}],"about":[{"href":"https:\/\/all-pets.de\/shop\/wp-json\/wp\/v2\/types\/product"}],"replies":[{"embeddable":true,"href":"https:\/\/all-pets.de\/shop\/wp-json\/wp\/v2\/comments?post=45721"}],"wp:featuredmedia":[{"embeddable":true,"href":"https:\/\/all-pets.de\/shop\/wp-json\/wp\/v2\/media\/25779"}],"wp:attachment":[{"href":"https:\/\/all-pets.de\/shop\/wp-json\/wp\/v2\/media?parent=45721"}],"wp:term":[{"taxonomy":"product_cat","embeddable":true,"href":"https:\/\/all-pets.de\/shop\/wp-json\/wp\/v2\/product_cat?post=45721"},{"taxonomy":"product_tag","embeddable":true,"href":"https:\/\/all-pets.de\/shop\/wp-json\/wp\/v2\/product_tag?post=45721"}],"curies":[{"name":"wp","href":"https:\/\/api.w.org\/{rel}","templated":true}]}}