{"id":45729,"date":"2023-12-12T10:49:33","date_gmt":"2023-12-12T09:49:33","guid":{"rendered":"https:\/\/pet-shopping.de\/shop\/produkt\/trixie-2-dosendeckel-ca-10-cm\/"},"modified":"2023-12-12T10:49:34","modified_gmt":"2023-12-12T09:49:34","slug":"trixie-2-dosendeckel-ca-10-cm","status":"publish","type":"product","link":"https:\/\/all-pets.de\/shop\/produkt\/trixie-2-dosendeckel-ca-10-cm\/","title":{"rendered":"Trixie 2 Dosendeckel &#8211; ca. 10 cm"},"content":{"rendered":"<p>Aus Kunststoff.<\/p>\n<p>Ideal zum Verschlie\u00dfen von Futterdosen.<\/p>\n<p>Nassfutter kann in einer unverschlossenden Dose sehr schnell austrocknen und der entweichende\u00a0Geruch wird von vielen Tierhaltern als unangenehm empfunden. Dosen k\u00f6nnen daher mit den Deckeln einfach verschlossen und wieder ge\u00f6ffnet werden.<\/p>\n<p>Es sind verschiedene Farben verf\u00fcgbar, eine Farbauswahl ist leider nicht m\u00f6glich. <\/p>\n","protected":false},"excerpt":{"rendered":"<p>Aus Kunststoff. Ideal zum Verschlie\u00dfen von Futterdosen. Nassfutter kann in einer unverschlossenden Dose sehr schnell austrocknen und der entweichende\u00a0Geruch wird von vielen Tierhaltern als unangenehm empfunden. Dosen k\u00f6nnen daher mit den Deckeln einfach verschlossen und wieder ge\u00f6ffnet werden. Es sind verschiedene Farben verf\u00fcgbar, eine Farbauswahl ist leider nicht m\u00f6glich.<\/p>\n","protected":false},"featured_media":25842,"comment_status":"closed","ping_status":"open","template":"","meta":[],"product_cat":[14134],"product_tag":[],"class_list":{"0":"post-45729","1":"product","2":"type-product","3":"status-publish","4":"has-post-thumbnail","6":"product_cat-nuetzliches-zubehoer","8":"first","9":"instock","10":"taxable","11":"shipping-taxable","12":"purchasable","13":"product-type-simple"},"_links":{"self":[{"href":"https:\/\/all-pets.de\/shop\/wp-json\/wp\/v2\/product\/45729","targetHints":{"allow":["GET"]}}],"collection":[{"href":"https:\/\/all-pets.de\/shop\/wp-json\/wp\/v2\/product"}],"about":[{"href":"https:\/\/all-pets.de\/shop\/wp-json\/wp\/v2\/types\/product"}],"replies":[{"embeddable":true,"href":"https:\/\/all-pets.de\/shop\/wp-json\/wp\/v2\/comments?post=45729"}],"wp:featuredmedia":[{"embeddable":true,"href":"https:\/\/all-pets.de\/shop\/wp-json\/wp\/v2\/media\/25842"}],"wp:attachment":[{"href":"https:\/\/all-pets.de\/shop\/wp-json\/wp\/v2\/media?parent=45729"}],"wp:term":[{"taxonomy":"product_cat","embeddable":true,"href":"https:\/\/all-pets.de\/shop\/wp-json\/wp\/v2\/product_cat?post=45729"},{"taxonomy":"product_tag","embeddable":true,"href":"https:\/\/all-pets.de\/shop\/wp-json\/wp\/v2\/product_tag?post=45729"}],"curies":[{"name":"wp","href":"https:\/\/api.w.org\/{rel}","templated":true}]}}