{"id":45730,"date":"2023-12-12T10:49:33","date_gmt":"2023-12-12T09:49:33","guid":{"rendered":"https:\/\/pet-shopping.de\/shop\/produkt\/trixie-napfunterlage-aus-naturgummi\/"},"modified":"2023-12-12T10:49:34","modified_gmt":"2023-12-12T09:49:34","slug":"trixie-napfunterlage-aus-naturgummi","status":"publish","type":"product","link":"https:\/\/all-pets.de\/shop\/produkt\/trixie-napfunterlage-aus-naturgummi\/","title":{"rendered":"Trixie Napfunterlage aus Naturgummi"},"content":{"rendered":"<p>Diese Napf-Unterlage eigent sich ideal f\u00fcr Hunde- und Katzenn\u00e4pfe. Sie ist aus rutschfestem Naturgummi, sp\u00fclmaschinenfest und hat einen erh\u00f6hten Rand, der ein Verstreuen des Futters auf dem Boden verhindert.<\/p>\n<p> Details:<br \/> &#8211; rutschfestes Naturgummi<br \/> &#8211; sp\u00fclmaschinenfest<br \/> &#8211; f\u00fcr alle Napfarten bis 21 cm Durchmesser geeignet<br \/> &#8211; erh\u00f6hter Rand verhindert Verstreuen des Futters auf dem Boden<\/p>\n<p> Ma\u00dfe: 45 x 25 cm<br \/> Stellfl\u00e4che: 2 x 21 cm Durchmesser<br \/> Farbe: Dunkelgrau <\/p>\n","protected":false},"excerpt":{"rendered":"<p>Diese Napf-Unterlage eigent sich ideal f\u00fcr Hunde- und Katzenn\u00e4pfe. Sie ist aus rutschfestem Naturgummi, sp\u00fclmaschinenfest und hat einen erh\u00f6hten Rand, der ein Verstreuen des Futters auf dem Boden verhindert. Details: &#8211; rutschfestes Naturgummi &#8211; sp\u00fclmaschinenfest &#8211; f\u00fcr alle Napfarten bis 21 cm Durchmesser geeignet &#8211; erh\u00f6hter Rand verhindert Verstreuen des Futters auf dem Boden Ma\u00dfe: [&hellip;]<\/p>\n","protected":false},"featured_media":25846,"comment_status":"closed","ping_status":"open","template":"","meta":[],"product_cat":[14135],"product_tag":[],"class_list":{"0":"post-45730","1":"product","2":"type-product","3":"status-publish","4":"has-post-thumbnail","6":"product_cat-napfunterlagen-katzennaepfe-traenken-napfunterlagenkatzenwelt","8":"first","9":"instock","10":"taxable","11":"shipping-taxable","12":"purchasable","13":"product-type-simple"},"_links":{"self":[{"href":"https:\/\/all-pets.de\/shop\/wp-json\/wp\/v2\/product\/45730","targetHints":{"allow":["GET"]}}],"collection":[{"href":"https:\/\/all-pets.de\/shop\/wp-json\/wp\/v2\/product"}],"about":[{"href":"https:\/\/all-pets.de\/shop\/wp-json\/wp\/v2\/types\/product"}],"replies":[{"embeddable":true,"href":"https:\/\/all-pets.de\/shop\/wp-json\/wp\/v2\/comments?post=45730"}],"wp:featuredmedia":[{"embeddable":true,"href":"https:\/\/all-pets.de\/shop\/wp-json\/wp\/v2\/media\/25846"}],"wp:attachment":[{"href":"https:\/\/all-pets.de\/shop\/wp-json\/wp\/v2\/media?parent=45730"}],"wp:term":[{"taxonomy":"product_cat","embeddable":true,"href":"https:\/\/all-pets.de\/shop\/wp-json\/wp\/v2\/product_cat?post=45730"},{"taxonomy":"product_tag","embeddable":true,"href":"https:\/\/all-pets.de\/shop\/wp-json\/wp\/v2\/product_tag?post=45730"}],"curies":[{"name":"wp","href":"https:\/\/api.w.org\/{rel}","templated":true}]}}