{"id":45731,"date":"2023-12-12T10:49:33","date_gmt":"2023-12-12T09:49:33","guid":{"rendered":"https:\/\/pet-shopping.de\/shop\/produkt\/trixie-katzennapf-aus-keramik-03-l\/"},"modified":"2023-12-12T10:49:35","modified_gmt":"2023-12-12T09:49:35","slug":"trixie-katzennapf-aus-keramik-03-l","status":"publish","type":"product","link":"https:\/\/all-pets.de\/shop\/produkt\/trixie-katzennapf-aus-keramik-03-l\/","title":{"rendered":"Trixie Katzennapf aus Keramik &#8211; 0,3 L"},"content":{"rendered":"<p>Der Keramiknapf f\u00fcr Katzen kann nach Belieben f\u00fcr Futter oder Wasser verwendet werden. Er ist von innen blau und von au\u00dfen cremefarben und hat ein Fassungsverm\u00f6gen von ca. 0,3 L. <\/p>\n<p>Durchmesser: ca. 12 cm<\/p>\n","protected":false},"excerpt":{"rendered":"<p>Der Keramiknapf f\u00fcr Katzen kann nach Belieben f\u00fcr Futter oder Wasser verwendet werden. Er ist von innen blau und von au\u00dfen cremefarben und hat ein Fassungsverm\u00f6gen von ca. 0,3 L. Durchmesser: ca. 12 cm<\/p>\n","protected":false},"featured_media":25854,"comment_status":"closed","ping_status":"open","template":"","meta":[],"product_cat":[13740],"product_tag":[],"class_list":{"0":"post-45731","1":"product","2":"type-product","3":"status-publish","4":"has-post-thumbnail","6":"product_cat-futter-wassernaepfe","8":"first","9":"instock","10":"taxable","11":"shipping-taxable","12":"purchasable","13":"product-type-simple"},"_links":{"self":[{"href":"https:\/\/all-pets.de\/shop\/wp-json\/wp\/v2\/product\/45731","targetHints":{"allow":["GET"]}}],"collection":[{"href":"https:\/\/all-pets.de\/shop\/wp-json\/wp\/v2\/product"}],"about":[{"href":"https:\/\/all-pets.de\/shop\/wp-json\/wp\/v2\/types\/product"}],"replies":[{"embeddable":true,"href":"https:\/\/all-pets.de\/shop\/wp-json\/wp\/v2\/comments?post=45731"}],"wp:featuredmedia":[{"embeddable":true,"href":"https:\/\/all-pets.de\/shop\/wp-json\/wp\/v2\/media\/25854"}],"wp:attachment":[{"href":"https:\/\/all-pets.de\/shop\/wp-json\/wp\/v2\/media?parent=45731"}],"wp:term":[{"taxonomy":"product_cat","embeddable":true,"href":"https:\/\/all-pets.de\/shop\/wp-json\/wp\/v2\/product_cat?post=45731"},{"taxonomy":"product_tag","embeddable":true,"href":"https:\/\/all-pets.de\/shop\/wp-json\/wp\/v2\/product_tag?post=45731"}],"curies":[{"name":"wp","href":"https:\/\/api.w.org\/{rel}","templated":true}]}}