{"id":45732,"date":"2023-12-12T10:49:33","date_gmt":"2023-12-12T09:49:33","guid":{"rendered":"https:\/\/pet-shopping.de\/shop\/produkt\/trixie-rutschfester-edelstahl-katzennapf-02-l\/"},"modified":"2023-12-12T10:49:35","modified_gmt":"2023-12-12T09:49:35","slug":"trixie-rutschfester-edelstahl-katzennapf-02-l","status":"publish","type":"product","link":"https:\/\/all-pets.de\/shop\/produkt\/trixie-rutschfester-edelstahl-katzennapf-02-l\/","title":{"rendered":"Trixie Rutschfester Edelstahl-Katzennapf &#8211; 0,2 l"},"content":{"rendered":"<p>Rostfreier Edelstahlnapf f\u00fcr Katzen mit Gummiring f\u00fcr Rutschfestigkeit. Schwere Ausf\u00fchrung.<\/p>\n<p>Fassungsverm\u00f6gen: ca. 0,2 l<br \/> Au\u00dfendurchmesser unten: ca. 15,5 cm<br \/> Innendurchmesser Oberkante: ca. 11 cm<\/p>\n","protected":false},"excerpt":{"rendered":"<p>Rostfreier Edelstahlnapf f\u00fcr Katzen mit Gummiring f\u00fcr Rutschfestigkeit. Schwere Ausf\u00fchrung. Fassungsverm\u00f6gen: ca. 0,2 l Au\u00dfendurchmesser unten: ca. 15,5 cm Innendurchmesser Oberkante: ca. 11 cm<\/p>\n","protected":false},"featured_media":25856,"comment_status":"closed","ping_status":"open","template":"","meta":[],"product_cat":[13740],"product_tag":[],"class_list":{"0":"post-45732","1":"product","2":"type-product","3":"status-publish","4":"has-post-thumbnail","6":"product_cat-futter-wassernaepfe","8":"first","9":"instock","10":"taxable","11":"shipping-taxable","12":"purchasable","13":"product-type-simple"},"_links":{"self":[{"href":"https:\/\/all-pets.de\/shop\/wp-json\/wp\/v2\/product\/45732","targetHints":{"allow":["GET"]}}],"collection":[{"href":"https:\/\/all-pets.de\/shop\/wp-json\/wp\/v2\/product"}],"about":[{"href":"https:\/\/all-pets.de\/shop\/wp-json\/wp\/v2\/types\/product"}],"replies":[{"embeddable":true,"href":"https:\/\/all-pets.de\/shop\/wp-json\/wp\/v2\/comments?post=45732"}],"wp:featuredmedia":[{"embeddable":true,"href":"https:\/\/all-pets.de\/shop\/wp-json\/wp\/v2\/media\/25856"}],"wp:attachment":[{"href":"https:\/\/all-pets.de\/shop\/wp-json\/wp\/v2\/media?parent=45732"}],"wp:term":[{"taxonomy":"product_cat","embeddable":true,"href":"https:\/\/all-pets.de\/shop\/wp-json\/wp\/v2\/product_cat?post=45732"},{"taxonomy":"product_tag","embeddable":true,"href":"https:\/\/all-pets.de\/shop\/wp-json\/wp\/v2\/product_tag?post=45732"}],"curies":[{"name":"wp","href":"https:\/\/api.w.org\/{rel}","templated":true}]}}