{"id":45734,"date":"2023-12-12T10:49:33","date_gmt":"2023-12-12T09:49:33","guid":{"rendered":"https:\/\/pet-shopping.de\/shop\/produkt\/trixie-dinner-set\/"},"modified":"2023-12-12T10:49:35","modified_gmt":"2023-12-12T09:49:35","slug":"trixie-dinner-set","status":"publish","type":"product","link":"https:\/\/all-pets.de\/shop\/produkt\/trixie-dinner-set\/","title":{"rendered":"Trixie Dinner-Set"},"content":{"rendered":"<p>Napf-Set aus Kunststoff mit Spritzschutz. Die N\u00e4pfe sind einzeln abnehmbar.<\/p>\n<p> Fassunsverm\u00f6gen: 1 x 0,25 L \/ 1 x 0,3 L<br \/> Napfdurchmesser: ca. 9 cm \/ 11 cm<br \/> Gesamtma\u00dfe: ca. 46 \u00d7 11 \u00d7 30 cm<br \/> \u00a0<br \/> Grundfarbe: Grau<br \/>N\u00e4pfe: diverse Farben<\/p>\n<p>Eine Farbwahl ist leider nicht m\u00f6glich, da die Farbe je nach Lagerbestand gew\u00e4hlt wird.<\/p>\n","protected":false},"excerpt":{"rendered":"<p>Napf-Set aus Kunststoff mit Spritzschutz. Die N\u00e4pfe sind einzeln abnehmbar. Fassunsverm\u00f6gen: 1 x 0,25 L \/ 1 x 0,3 L Napfdurchmesser: ca. 9 cm \/ 11 cm Gesamtma\u00dfe: ca. 46 \u00d7 11 \u00d7 30 cm \u00a0 Grundfarbe: GrauN\u00e4pfe: diverse Farben Eine Farbwahl ist leider nicht m\u00f6glich, da die Farbe je nach Lagerbestand gew\u00e4hlt wird.<\/p>\n","protected":false},"featured_media":45735,"comment_status":"closed","ping_status":"open","template":"","meta":[],"product_cat":[14136],"product_tag":[],"class_list":{"0":"post-45734","1":"product","2":"type-product","3":"status-publish","4":"has-post-thumbnail","6":"product_cat-futter-wassernaepfe-katzennaepfe-traenken-futter-wassernaepfekatzenwelt-hundenaepfe-traenken","8":"first","9":"instock","10":"taxable","11":"shipping-taxable","12":"purchasable","13":"product-type-simple"},"_links":{"self":[{"href":"https:\/\/all-pets.de\/shop\/wp-json\/wp\/v2\/product\/45734","targetHints":{"allow":["GET"]}}],"collection":[{"href":"https:\/\/all-pets.de\/shop\/wp-json\/wp\/v2\/product"}],"about":[{"href":"https:\/\/all-pets.de\/shop\/wp-json\/wp\/v2\/types\/product"}],"replies":[{"embeddable":true,"href":"https:\/\/all-pets.de\/shop\/wp-json\/wp\/v2\/comments?post=45734"}],"wp:featuredmedia":[{"embeddable":true,"href":"https:\/\/all-pets.de\/shop\/wp-json\/wp\/v2\/media\/45735"}],"wp:attachment":[{"href":"https:\/\/all-pets.de\/shop\/wp-json\/wp\/v2\/media?parent=45734"}],"wp:term":[{"taxonomy":"product_cat","embeddable":true,"href":"https:\/\/all-pets.de\/shop\/wp-json\/wp\/v2\/product_cat?post=45734"},{"taxonomy":"product_tag","embeddable":true,"href":"https:\/\/all-pets.de\/shop\/wp-json\/wp\/v2\/product_tag?post=45734"}],"curies":[{"name":"wp","href":"https:\/\/api.w.org\/{rel}","templated":true}]}}