{"id":45738,"date":"2023-12-12T10:49:33","date_gmt":"2023-12-12T09:49:33","guid":{"rendered":"https:\/\/pet-shopping.de\/shop\/produkt\/trixie-katzennapf-aus-kunststoff-rutschfest-02-l\/"},"modified":"2023-12-12T10:49:41","modified_gmt":"2023-12-12T09:49:41","slug":"trixie-katzennapf-aus-kunststoff-rutschfest-02-l","status":"publish","type":"product","link":"https:\/\/all-pets.de\/shop\/produkt\/trixie-katzennapf-aus-kunststoff-rutschfest-02-l\/","title":{"rendered":"Trixie Katzennapf aus Kunststoff rutschfest &#8211; 0,2 l"},"content":{"rendered":"<p>Pflegeleichter Kunststoffnapf f\u00fcr Katzen. Leichte Ausf\u00fchrung, rutschfest durch Gummif\u00fc\u00dfe.<\/p>\n<p>Fassungsverm\u00f6gen: ca. 0,2 l<br \/> Durchmesser Oberkante: ca. 11 cm<br \/> Durchmesser Unterkante: ca. 15,5 cm<br \/> H\u00f6he: ca. 3,5 cm<\/p>\n<p>Diverse Farben. Eine Farbwahl ist leider nicht m\u00f6glich, da die Farbe je nach Lagerbestand gew\u00e4hlt wird.<\/p>\n","protected":false},"excerpt":{"rendered":"<p>Pflegeleichter Kunststoffnapf f\u00fcr Katzen. Leichte Ausf\u00fchrung, rutschfest durch Gummif\u00fc\u00dfe. Fassungsverm\u00f6gen: ca. 0,2 l Durchmesser Oberkante: ca. 11 cm Durchmesser Unterkante: ca. 15,5 cm H\u00f6he: ca. 3,5 cm Diverse Farben. Eine Farbwahl ist leider nicht m\u00f6glich, da die Farbe je nach Lagerbestand gew\u00e4hlt wird.<\/p>\n","protected":false},"featured_media":25863,"comment_status":"closed","ping_status":"open","template":"","meta":[],"product_cat":[13740],"product_tag":[],"class_list":{"0":"post-45738","1":"product","2":"type-product","3":"status-publish","4":"has-post-thumbnail","6":"product_cat-futter-wassernaepfe","8":"first","9":"instock","10":"taxable","11":"shipping-taxable","12":"purchasable","13":"product-type-simple"},"_links":{"self":[{"href":"https:\/\/all-pets.de\/shop\/wp-json\/wp\/v2\/product\/45738","targetHints":{"allow":["GET"]}}],"collection":[{"href":"https:\/\/all-pets.de\/shop\/wp-json\/wp\/v2\/product"}],"about":[{"href":"https:\/\/all-pets.de\/shop\/wp-json\/wp\/v2\/types\/product"}],"replies":[{"embeddable":true,"href":"https:\/\/all-pets.de\/shop\/wp-json\/wp\/v2\/comments?post=45738"}],"wp:featuredmedia":[{"embeddable":true,"href":"https:\/\/all-pets.de\/shop\/wp-json\/wp\/v2\/media\/25863"}],"wp:attachment":[{"href":"https:\/\/all-pets.de\/shop\/wp-json\/wp\/v2\/media?parent=45738"}],"wp:term":[{"taxonomy":"product_cat","embeddable":true,"href":"https:\/\/all-pets.de\/shop\/wp-json\/wp\/v2\/product_cat?post=45738"},{"taxonomy":"product_tag","embeddable":true,"href":"https:\/\/all-pets.de\/shop\/wp-json\/wp\/v2\/product_tag?post=45738"}],"curies":[{"name":"wp","href":"https:\/\/api.w.org\/{rel}","templated":true}]}}