{"id":45739,"date":"2023-12-12T10:49:33","date_gmt":"2023-12-12T09:49:33","guid":{"rendered":"https:\/\/pet-shopping.de\/shop\/produkt\/trixie-wasser-und-futterautomat-06-l\/"},"modified":"2023-12-12T10:49:41","modified_gmt":"2023-12-12T09:49:41","slug":"trixie-wasser-und-futterautomat-06-l","status":"publish","type":"product","link":"https:\/\/all-pets.de\/shop\/produkt\/trixie-wasser-und-futterautomat-06-l\/","title":{"rendered":"Trixie Wasser- und Futterautomat &#8211; 0,6 l"},"content":{"rendered":"<p>Der Futter- und Wasserspender aus Kunststoff besteht jeweils aus einem Unterteil und einem Aufsatzbeh\u00e4lter mit zwei verschiedenen \u00d6ffnungen f\u00fcr Wasser bzw. Futter. Rutschfest durch Gummif\u00fc\u00dfe. Der Spender eignet sich f\u00fcr Katzen und kleine Hunde.<\/p>\n<p>Fassungsverm\u00f6gen: ca. 0,6 l<br \/> Au\u00dfenma\u00dfe: ca. 21 x 13 x 15 cm (LxBxH) <\/p>\n<p>Die Farben k\u00f6nnen von der Abbildung abweichen. Eine Farbwahl ist leider nicht m\u00f6glich, da die Farbe je nach Lagerbestand gew\u00e4hlt wird. <\/p>\n","protected":false},"excerpt":{"rendered":"<p>Der Futter- und Wasserspender aus Kunststoff besteht jeweils aus einem Unterteil und einem Aufsatzbeh\u00e4lter mit zwei verschiedenen \u00d6ffnungen f\u00fcr Wasser bzw. Futter. Rutschfest durch Gummif\u00fc\u00dfe. Der Spender eignet sich f\u00fcr Katzen und kleine Hunde. Fassungsverm\u00f6gen: ca. 0,6 l Au\u00dfenma\u00dfe: ca. 21 x 13 x 15 cm (LxBxH) Die Farben k\u00f6nnen von der Abbildung abweichen. Eine [&hellip;]<\/p>\n","protected":false},"featured_media":25867,"comment_status":"closed","ping_status":"open","template":"","meta":[],"product_cat":[13770],"product_tag":[],"class_list":{"0":"post-45739","1":"product","2":"type-product","3":"status-publish","4":"has-post-thumbnail","6":"product_cat-katzentraenken-trinkbrunnen","8":"first","9":"instock","10":"taxable","11":"shipping-taxable","12":"purchasable","13":"product-type-simple"},"_links":{"self":[{"href":"https:\/\/all-pets.de\/shop\/wp-json\/wp\/v2\/product\/45739","targetHints":{"allow":["GET"]}}],"collection":[{"href":"https:\/\/all-pets.de\/shop\/wp-json\/wp\/v2\/product"}],"about":[{"href":"https:\/\/all-pets.de\/shop\/wp-json\/wp\/v2\/types\/product"}],"replies":[{"embeddable":true,"href":"https:\/\/all-pets.de\/shop\/wp-json\/wp\/v2\/comments?post=45739"}],"wp:featuredmedia":[{"embeddable":true,"href":"https:\/\/all-pets.de\/shop\/wp-json\/wp\/v2\/media\/25867"}],"wp:attachment":[{"href":"https:\/\/all-pets.de\/shop\/wp-json\/wp\/v2\/media?parent=45739"}],"wp:term":[{"taxonomy":"product_cat","embeddable":true,"href":"https:\/\/all-pets.de\/shop\/wp-json\/wp\/v2\/product_cat?post=45739"},{"taxonomy":"product_tag","embeddable":true,"href":"https:\/\/all-pets.de\/shop\/wp-json\/wp\/v2\/product_tag?post=45739"}],"curies":[{"name":"wp","href":"https:\/\/api.w.org\/{rel}","templated":true}]}}